



{"id":7342,"date":"2015-07-02T05:10:48","date_gmt":"2015-07-02T05:10:48","guid":{"rendered":"https:\/\/dev.vision-dz.com\/a-propos-de-nous\/"},"modified":"2024-09-10T13:57:14","modified_gmt":"2024-09-10T13:57:14","slug":"a-propos-de-nous","status":"publish","type":"page","link":"https:\/\/vision-dz.com\/fr\/a-propos-de-nous\/","title":{"rendered":"\u00c0 propos de nous"},"content":{"rendered":"\t\t<div data-elementor-type=\"wp-page\" data-elementor-id=\"7342\" class=\"elementor elementor-7342 elementor-889\" data-elementor-post-type=\"page\">\n\t\t\t\t<div class=\"elementor-element elementor-element-a098b66 e-flex e-con-boxed e-con e-parent\" data-id=\"a098b66\" data-element_type=\"container\" data-e-type=\"container\">\n\t\t\t\t\t<div class=\"e-con-inner\">\n\t\t<div class=\"elementor-element elementor-element-5f79e18 e-flex e-con-boxed e-con e-child\" data-id=\"5f79e18\" data-element_type=\"container\" data-e-type=\"container\">\n\t\t\t\t\t<div class=\"e-con-inner\">\n\t\t\t\t\t<\/div>\n\t\t\t\t<\/div>\n\t\t\t\t\t<\/div>\n\t\t\t\t<\/div>\n\t\t<div class=\"elementor-element elementor-element-c06e995 e-flex e-con-boxed e-con e-parent\" data-id=\"c06e995\" data-element_type=\"container\" data-e-type=\"container\" data-settings=\"{&quot;background_background&quot;:&quot;classic&quot;}\">\n\t\t\t\t\t<div class=\"e-con-inner\">\n\t\t<div class=\"elementor-element elementor-element-d0351e3 e-con-full e-flex e-con e-child\" data-id=\"d0351e3\" data-element_type=\"container\" data-e-type=\"container\">\n\t\t\t\t<div class=\"elementor-element elementor-element-c863a99 elementor-widget elementor-widget-text-editor\" data-id=\"c863a99\" data-element_type=\"widget\" data-e-type=\"widget\" data-widget_type=\"text-editor.default\">\n\t\t\t\t<div class=\"elementor-widget-container\">\n\t\t\t\t\t\t\t\t\t<p>Notre plateforme dispose d&rsquo;une \u00e9quipe de professionnels exp\u00e9riment\u00e9s qui connaissent bien les r\u00e9glementations, les proc\u00e9dures et les exigences en mati\u00e8re de visas. Cette expertise permet \u00e0 l&rsquo;entreprise de fournir des informations pr\u00e9cises et actualis\u00e9es, des conseils et un soutien aux clients et aussi Offrir une assistance personnalis\u00e9e aux clients, comprendre leurs besoins et exigences sp\u00e9cifiques, et fournir des solutions sur mesure. Cela peut impliquer des consultations approfondies, une \u00e9valuation d\u00e9taill\u00e9e de l&rsquo;\u00e9ligibilit\u00e9, et un soutien documentaire personnalis\u00e9. Tout en sachant que l\u2019entreprise VISION est sp\u00e9cialis\u00e9 dans 4 types de visa (travail, formation professionnel, volontariat, \u00e9tude) avec un suivie sur mesure de A \u00e0 Z avec nos clients.<\/p>\n<p>Une communication proactive qui tient \u00e0 maintenir une communication r\u00e9guli\u00e8re et proactive avec les clients, les tenir inform\u00e9s de l&rsquo;\u00e9tat d&rsquo;avancement de leur demande de visa et leur fournir des mises \u00e0 jour sur les modifications apport\u00e9es \u00e0 la r\u00e9glementation et aux exigences en mati\u00e8re de visa. Ce niveau de communication peut inspirer confiance aux clients et permettre \u00e0 l\u2019entreprise de se d\u00e9marquer de ses concurrents.<\/p>\n\t\t\t\t\t\t\t\t<\/div>\n\t\t\t\t<\/div>\n\t\t\t\t<div class=\"elementor-element elementor-element-5d8c2a9 elementor-widget elementor-widget-text-editor\" data-id=\"5d8c2a9\" data-element_type=\"widget\" data-e-type=\"widget\" data-widget_type=\"text-editor.default\">\n\t\t\t\t<div class=\"elementor-widget-container\">\n\t\t\t\t\t\t\t\t\t<h2>Notre Mission<\/h2>\n<p>Mise en place de processus rationalis\u00e9s et de syst\u00e8mes efficaces pour acc\u00e9l\u00e9rer le traitement des demandes de visa et r\u00e9duire les retards. Une communication proactive et une attention particuli\u00e8re aux d\u00e9lais d&rsquo;ex\u00e9cution rapides. Offrir des services \u00e0 valeur ajout\u00e9e suppl\u00e9mentaires, au-del\u00e0 de l&rsquo;assistance de base pour les visas, tels que l&rsquo;aide \u00e0 la r\u00e9installation, l&rsquo;aide au logement ou les programmes d&rsquo;orientation culturelle. Ces services peuvent fournir une approche holistique pour soutenir les clients dans leur transition vers l\u2019Allemagne.<\/p>\n\t\t\t\t\t\t\t\t<\/div>\n\t\t\t\t<\/div>\n\t\t\t\t<div class=\"elementor-element elementor-element-f69337f elementor-widget elementor-widget-text-editor\" data-id=\"f69337f\" data-element_type=\"widget\" data-e-type=\"widget\" data-widget_type=\"text-editor.default\">\n\t\t\t\t<div class=\"elementor-widget-container\">\n\t\t\t\t\t\t\t\t\t<h2>Nos Valeurs<\/h2>\n<p>La plupart des entreprises ont des valeurs fondamentales les croyances ou les principes directeurs qui d\u00e9finissent la fa\u00e7on dont elles s&rsquo;attendent \u00e0 faire des affaires. Nos valeurs fondamentales particuli\u00e8res nous sont propres:<\/p>\n<h4>Approche Sur Mesure<\/h4>\n<p>Afin de vous proposer la meilleure solution possible, nous travaillons exclusivement sur-mesure: toutes nos propositions font l&rsquo;objet d&rsquo;un entretien pr\u00e9alable et d&rsquo;une \u00e9tude pr\u00e9cise.<\/p>\n<h4>Professionnalisme<\/h4>\n<p>Une \u00e9quipe avec une exp\u00e9rience remarquable qui sera \u00e0 vos cot\u00e9 24 h\/24 et 7j\/7.<\/p>\n<h4>R\u00e9activit\u00e9<\/h4>\n<p>Un agent pour chaque client c\u2019est l\u2019objectif que l\u2019entreprise Vision c\u2019est fix\u00e9.<\/p>\n\t\t\t\t\t\t\t\t<\/div>\n\t\t\t\t<\/div>\n\t\t\t\t<\/div>\n\t\t<div class=\"elementor-element elementor-element-48f98c1 e-con-full e-flex e-con e-child\" data-id=\"48f98c1\" data-element_type=\"container\" data-e-type=\"container\">\n\t\t\t\t<div class=\"elementor-element elementor-element-48485f0 elementor-widget elementor-widget-image\" data-id=\"48485f0\" data-element_type=\"widget\" data-e-type=\"widget\" data-widget_type=\"image.default\">\n\t\t\t\t<div class=\"elementor-widget-container\">\n\t\t\t\t\t\t\t\t\t\t\t\t\t\t\t<img fetchpriority=\"high\" decoding=\"async\" width=\"1024\" height=\"682\" src=\"https:\/\/vision-dz.com\/wp-content\/uploads\/2024\/06\/photo_2024-06-10-13.46.22-1024x682.jpeg\" class=\"attachment-large size-large wp-image-8196\" alt=\"\" srcset=\"https:\/\/vision-dz.com\/wp-content\/uploads\/2024\/06\/photo_2024-06-10-13.46.22-1024x682.jpeg 1024w, https:\/\/vision-dz.com\/wp-content\/uploads\/2024\/06\/photo_2024-06-10-13.46.22-300x200.jpeg 300w, https:\/\/vision-dz.com\/wp-content\/uploads\/2024\/06\/photo_2024-06-10-13.46.22-768x512.jpeg 768w, https:\/\/vision-dz.com\/wp-content\/uploads\/2024\/06\/photo_2024-06-10-13.46.22-270x180.jpeg 270w, https:\/\/vision-dz.com\/wp-content\/uploads\/2024\/06\/photo_2024-06-10-13.46.22-600x400.jpeg 600w, https:\/\/vision-dz.com\/wp-content\/uploads\/2024\/06\/photo_2024-06-10-13.46.22.jpeg 1280w\" sizes=\"(max-width: 1024px) 100vw, 1024px\" \/>\t\t\t\t\t\t\t\t\t\t\t\t\t\t\t<\/div>\n\t\t\t\t<\/div>\n\t\t\t\t<div class=\"elementor-element elementor-element-860248c elementor-tabs-view-horizontal elementor-widget elementor-widget-tabs\" data-id=\"860248c\" data-element_type=\"widget\" data-e-type=\"widget\" data-widget_type=\"tabs.default\">\n\t\t\t\t<div class=\"elementor-widget-container\">\n\t\t\t\t\t\t\t<div class=\"elementor-tabs\">\n\t\t\t<div class=\"elementor-tabs-wrapper\" role=\"tablist\" >\n\t\t\t\t\t\t\t\t\t<div id=\"elementor-tab-title-1401\" class=\"elementor-tab-title elementor-tab-desktop-title\" aria-selected=\"true\" data-tab=\"1\" role=\"tab\" tabindex=\"0\" aria-controls=\"elementor-tab-content-1401\" aria-expanded=\"false\">Comp\u00e9tences<\/div>\n\t\t\t\t\t\t\t\t\t<div id=\"elementor-tab-title-1402\" class=\"elementor-tab-title elementor-tab-desktop-title\" aria-selected=\"false\" data-tab=\"2\" role=\"tab\" tabindex=\"-1\" aria-controls=\"elementor-tab-content-1402\" aria-expanded=\"false\">Envoyer un message<\/div>\n\t\t\t\t\t\t\t<\/div>\n\t\t\t<div class=\"elementor-tabs-content-wrapper\" role=\"tablist\" aria-orientation=\"vertical\">\n\t\t\t\t\t\t\t\t\t<div class=\"elementor-tab-title elementor-tab-mobile-title\" aria-selected=\"true\" data-tab=\"1\" role=\"tab\" tabindex=\"0\" aria-controls=\"elementor-tab-content-1401\" aria-expanded=\"false\">Comp\u00e9tences<\/div>\n\t\t\t\t\t<div id=\"elementor-tab-content-1401\" class=\"elementor-tab-content elementor-clearfix\" data-tab=\"1\" role=\"tabpanel\" aria-labelledby=\"elementor-tab-title-1401\" tabindex=\"0\" hidden=\"false\"><h4>Vision vous aide \u00e0<\/h4>\n<ul>\n<li>Apprendre l&rsquo;allemand en ligne<\/li>\n<li>Assistance en mati\u00e8re de visa et d&rsquo;immigration<\/li>\n<li>Services de placement<\/li>\n<li>Programmes de formation (linguistique, professionnelle, d\u00e9veloppement des comp\u00e9tences)<\/li>\n<li>Consultation en mati\u00e8re d&rsquo;\u00e9ducation (demandes d&rsquo;inscription \u00e0 l&rsquo;universit\u00e9, possibilit\u00e9s de bourses d&rsquo;\u00e9tudes)<\/li>\n<li>Aide \u00e0 l&rsquo;h\u00e9bergement<\/li>\n<li>Orientation culturelle et soutien \u00e0 l&rsquo;int\u00e9gration<\/li>\n<li>Opportunit\u00e9s de b\u00e9n\u00e9volat<\/li>\n<li>Soutien juridique et administratif<\/li>\n<li>Cr\u00e9ation de r\u00e9seaux et de communaut\u00e9s<\/li>\n<li>Soutien et suivi continus<\/li>\n<\/ul>\n<\/div>\n\t\t\t\t\t\t\t\t\t<div class=\"elementor-tab-title elementor-tab-mobile-title\" aria-selected=\"false\" data-tab=\"2\" role=\"tab\" tabindex=\"-1\" aria-controls=\"elementor-tab-content-1402\" aria-expanded=\"false\">Envoyer un message<\/div>\n\t\t\t\t\t<div id=\"elementor-tab-content-1402\" class=\"elementor-tab-content elementor-clearfix\" data-tab=\"2\" role=\"tabpanel\" aria-labelledby=\"elementor-tab-title-1402\" tabindex=\"0\" hidden=\"hidden\"><p>\n<div class=\"wpcf7 no-js\" id=\"wpcf7-f817-o1\" lang=\"en-US\" dir=\"ltr\" data-wpcf7-id=\"817\">\n<div class=\"screen-reader-response\"><p role=\"status\" aria-live=\"polite\" aria-atomic=\"true\"><\/p> <ul><\/ul><\/div>\n<form action=\"\/fr\/wp-json\/wp\/v2\/pages\/7342#wpcf7-f817-o1\" method=\"post\" class=\"wpcf7-form init\" aria-label=\"Contact form\" novalidate=\"novalidate\" data-status=\"init\">\n<div style=\"display: none;\">\n<input type=\"hidden\" name=\"_wpcf7\" value=\"817\" \/>\n<input type=\"hidden\" name=\"_wpcf7_version\" value=\"6.0.6\" \/>\n<input type=\"hidden\" name=\"_wpcf7_locale\" value=\"en_US\" \/>\n<input type=\"hidden\" name=\"_wpcf7_unit_tag\" value=\"wpcf7-f817-o1\" \/>\n<input type=\"hidden\" name=\"_wpcf7_container_post\" value=\"0\" \/>\n<input type=\"hidden\" name=\"_wpcf7_posted_data_hash\" value=\"\" \/>\n<\/div>\n<div class=\"row\">\n\t<div class=\"col-xs-12 col-sm-6 col-md-6 col-lg-6\">\n\t\t<div class=\"form-group\">\n\t\t\t<h3>Your Name\n\t\t\t<\/h3>\n\t\t\t<p><span class=\"wpcf7-form-control-wrap\" data-name=\"myname\"><input size=\"40\" maxlength=\"400\" class=\"wpcf7-form-control wpcf7-text wpcf7-validates-as-required form-control\" aria-required=\"true\" aria-invalid=\"false\" placeholder=\"Your Name\" value=\"\" type=\"text\" name=\"myname\" \/><\/span>\n\t\t\t<\/p>\n\t\t<\/div>\n\t<\/div>\n\t<div class=\"col-xs-12 col-sm-6 col-md-6 col-lg-6\">\n\t\t<div class=\"form-group\">\n\t\t\t<h3>Your Email Adress\n\t\t\t<\/h3>\n\t\t\t<p><span class=\"wpcf7-form-control-wrap\" data-name=\"email\"><input size=\"40\" maxlength=\"400\" class=\"wpcf7-form-control wpcf7-email wpcf7-validates-as-required wpcf7-text wpcf7-validates-as-email form-control\" aria-required=\"true\" aria-invalid=\"false\" placeholder=\"Your Email\" value=\"\" type=\"email\" name=\"email\" \/><\/span>\n\t\t\t<\/p>\n\t\t<\/div>\n\t<\/div>\n<\/div>\n<div class=\"row\">\n\t<div class=\"col-xs-12 col-sm-12 col-md-12 col-lg-12\">\n\t\t<div class=\"form-group\">\n\t\t\t<h3>Your Message\n\t\t\t<\/h3>\n\t\t\t<p><span class=\"wpcf7-form-control-wrap\" data-name=\"message\"><textarea cols=\"40\" rows=\"9\" maxlength=\"2000\" class=\"wpcf7-form-control wpcf7-textarea wpcf7-validates-as-required form-control\" aria-required=\"true\" aria-invalid=\"false\" name=\"message\"><\/textarea><\/span>\n\t\t\t<\/p>\n\t\t<\/div>\n\t<\/div>\n<\/div>\n<div class=\"row\">\n\t<div class=\"col-xs-12 col-sm-12 col-md-12 col-lg-12\">\n\t\t<p><span class=\"wpcf7-form-control-wrap\" data-name=\"quiz-1\"><label><span class=\"wpcf7-quiz-label\">17 + 2 =<\/span> <input size=\"40\" class=\"wpcf7-form-control wpcf7-quiz\" autocomplete=\"off\" aria-required=\"true\" aria-invalid=\"false\" type=\"text\" name=\"quiz-1\" \/><\/label><input type=\"hidden\" name=\"_wpcf7_quiz_answer_quiz-1\" value=\"68c144cfbb4c85a0b69be41523a4f2c0\" \/><\/span>\n\t\t<\/p>\n\t<\/div>\n<\/div>\n<div class=\"row\">\n\t<div class=\"col-xs-12 col-sm-12 col-md-12 col-lg-12\">\n\t\t<p><input class=\"wpcf7-form-control wpcf7-submit has-spinner btn btn-default\" type=\"submit\" value=\"Submit\" \/>\n\t\t<\/p>\n\t<\/div>\n<\/div><input type=\"hidden\" id=\"ct_checkjs_cf7_a8c88a0055f636e4a163a5e3d16adab7\" name=\"ct_checkjs_cf7\" value=\"0\" \/><script >setTimeout(function(){var ct_input_name = \"ct_checkjs_cf7_a8c88a0055f636e4a163a5e3d16adab7\";if (document.getElementById(ct_input_name) !== null) {var ct_input_value = document.getElementById(ct_input_name).value;document.getElementById(ct_input_name).value = document.getElementById(ct_input_name).value.replace(ct_input_value, '4c4fe8894f1928f71e7dd0fe096c28ebbfc23764ec999e0e3e16a77b206c96b2');}}, 1000);<\/script><input\n                    class=\"apbct_special_field apbct_email_id__wp_contact_form_7\"\n                    name=\"apbct__email_id__wp_contact_form_7\"\n                    aria-label=\"apbct__label_id__wp_contact_form_7\"\n                    type=\"text\" size=\"30\" maxlength=\"200\" autocomplete=\"off\"\n                    value=\"\"\n                \/><div class=\"wpcf7-response-output\" aria-hidden=\"true\"><\/div>\n<input\n                    class=\"apbct_special_field apbct_email_id__elementor_form\"\n                    name=\"apbct__email_id__elementor_form\"\n                    aria-label=\"apbct__label_id__elementor_form\"\n                    type=\"text\" size=\"30\" maxlength=\"200\" autocomplete=\"off\"\n                    value=\"\"\n                \/><\/form>\n<\/div>\n<\/p>\n<\/div>\n\t\t\t\t\t\t\t<\/div>\n\t\t<\/div>\n\t\t\t\t\t\t<\/div>\n\t\t\t\t<\/div>\n\t\t\t\t<\/div>\n\t\t\t\t\t<\/div>\n\t\t\t\t<\/div>\n\t\t\t\t<\/div>\n\t\t","protected":false},"excerpt":{"rendered":"<p>\u00c0 PROPOS DE NOUS Notre plateforme dispose d&rsquo;une \u00e9quipe de professionnels exp\u00e9riment\u00e9s qui connaissent bien les r\u00e9glementations, les proc\u00e9dures et les exigences en mati\u00e8re de visas. Cette expertise permet \u00e0 l&rsquo;entreprise de fournir des informations pr\u00e9cises et actualis\u00e9es, des conseils et un soutien aux clients et aussi Offrir une assistance personnalis\u00e9e aux clients, comprendre leurs [&hellip;]<\/p>\n","protected":false},"author":1,"featured_media":0,"parent":0,"menu_order":0,"comment_status":"closed","ping_status":"closed","template":"","meta":{"_bbp_topic_count":0,"_bbp_reply_count":0,"_bbp_total_topic_count":0,"_bbp_total_reply_count":0,"_bbp_voice_count":0,"_bbp_anonymous_reply_count":0,"_bbp_topic_count_hidden":0,"_bbp_reply_count_hidden":0,"_bbp_forum_subforum_count":0,"footnotes":""},"class_list":["post-7342","page","type-page","status-publish","hentry"],"yoast_head":"<!-- This site is optimized with the Yoast SEO Premium plugin v24.4 (Yoast SEO v24.4) - https:\/\/yoast.com\/wordpress\/plugins\/seo\/ -->\n<title>Masterstudy Education - Th\u00e8me WordPress LMS pour l\u2019\u00e9ducation, l\u2019apprentissage en ligne.<\/title>\n<meta name=\"description\" content=\"Acheter Masterstudy Education - Th\u00e8me WordPress LMS pour l\u2019\u00e9ducation, l\u2019apprentissage en ligne et les cours en ligne par StylemixThemes sur ThemeForest.\" \/>\n<meta name=\"robots\" content=\"index, follow, max-snippet:-1, max-image-preview:large, max-video-preview:-1\" \/>\n<link rel=\"canonical\" href=\"https:\/\/vision-dz.com\/fr\/a-propos-de-nous\/\" \/>\n<meta property=\"og:locale\" content=\"fr_FR\" \/>\n<meta property=\"og:type\" content=\"article\" \/>\n<meta property=\"og:title\" content=\"\u00c0 propos de nous\" \/>\n<meta property=\"og:description\" content=\"Acheter Masterstudy Education - Th\u00e8me WordPress LMS pour l\u2019\u00e9ducation, l\u2019apprentissage en ligne et les cours en ligne par StylemixThemes sur ThemeForest.\" \/>\n<meta property=\"og:url\" content=\"https:\/\/vision-dz.com\/fr\/a-propos-de-nous\/\" \/>\n<meta property=\"og:site_name\" content=\"Vision DZ\" \/>\n<meta property=\"article:modified_time\" content=\"2024-09-10T13:57:14+00:00\" \/>\n<meta property=\"og:image\" content=\"https:\/\/vision-dz.com\/wp-content\/uploads\/2024\/06\/photo_2024-06-10-13.46.22-1024x682.jpeg\" \/>\n<meta name=\"twitter:card\" content=\"summary_large_image\" \/>\n<meta name=\"twitter:label1\" content=\"Dur\u00e9e de lecture estim\u00e9e\" \/>\n\t<meta name=\"twitter:data1\" content=\"2 minutes\" \/>\n<script type=\"application\/ld+json\" class=\"yoast-schema-graph\">{\"@context\":\"https:\/\/schema.org\",\"@graph\":[{\"@type\":\"WebPage\",\"@id\":\"https:\/\/vision-dz.com\/fr\/a-propos-de-nous\/\",\"url\":\"https:\/\/vision-dz.com\/fr\/a-propos-de-nous\/\",\"name\":\"Masterstudy Education - Th\u00e8me WordPress LMS pour l\u2019\u00e9ducation, l\u2019apprentissage en ligne.\",\"isPartOf\":{\"@id\":\"https:\/\/vision-dz.com\/#website\"},\"primaryImageOfPage\":{\"@id\":\"https:\/\/vision-dz.com\/fr\/a-propos-de-nous\/#primaryimage\"},\"image\":{\"@id\":\"https:\/\/vision-dz.com\/fr\/a-propos-de-nous\/#primaryimage\"},\"thumbnailUrl\":\"https:\/\/vision-dz.com\/wp-content\/uploads\/2024\/06\/photo_2024-06-10-13.46.22-1024x682.jpeg\",\"datePublished\":\"2015-07-02T05:10:48+00:00\",\"dateModified\":\"2024-09-10T13:57:14+00:00\",\"description\":\"Acheter Masterstudy Education - Th\u00e8me WordPress LMS pour l\u2019\u00e9ducation, l\u2019apprentissage en ligne et les cours en ligne par StylemixThemes sur ThemeForest.\",\"breadcrumb\":{\"@id\":\"https:\/\/vision-dz.com\/fr\/a-propos-de-nous\/#breadcrumb\"},\"inLanguage\":\"fr-FR\",\"potentialAction\":[{\"@type\":\"ReadAction\",\"target\":[\"https:\/\/vision-dz.com\/fr\/a-propos-de-nous\/\"]}]},{\"@type\":\"ImageObject\",\"inLanguage\":\"fr-FR\",\"@id\":\"https:\/\/vision-dz.com\/fr\/a-propos-de-nous\/#primaryimage\",\"url\":\"https:\/\/vision-dz.com\/wp-content\/uploads\/2024\/06\/photo_2024-06-10-13.46.22-1024x682.jpeg\",\"contentUrl\":\"https:\/\/vision-dz.com\/wp-content\/uploads\/2024\/06\/photo_2024-06-10-13.46.22-1024x682.jpeg\"},{\"@type\":\"BreadcrumbList\",\"@id\":\"https:\/\/vision-dz.com\/fr\/a-propos-de-nous\/#breadcrumb\",\"itemListElement\":[{\"@type\":\"ListItem\",\"position\":1,\"name\":\"Home\",\"item\":\"https:\/\/vision-dz.com\/fr\/une-page-nouveau\/\"},{\"@type\":\"ListItem\",\"position\":2,\"name\":\"\u00c0 propos de nous\"}]},{\"@type\":\"WebSite\",\"@id\":\"https:\/\/vision-dz.com\/#website\",\"url\":\"https:\/\/vision-dz.com\/\",\"name\":\"Vision DZ\",\"description\":\"Station of Motivation\",\"publisher\":{\"@id\":\"https:\/\/vision-dz.com\/#organization\"},\"potentialAction\":[{\"@type\":\"SearchAction\",\"target\":{\"@type\":\"EntryPoint\",\"urlTemplate\":\"https:\/\/vision-dz.com\/?s={search_term_string}\"},\"query-input\":{\"@type\":\"PropertyValueSpecification\",\"valueRequired\":true,\"valueName\":\"search_term_string\"}}],\"inLanguage\":\"fr-FR\"},{\"@type\":\"Organization\",\"@id\":\"https:\/\/vision-dz.com\/#organization\",\"name\":\"Vision DZ\",\"url\":\"https:\/\/vision-dz.com\/\",\"logo\":{\"@type\":\"ImageObject\",\"inLanguage\":\"fr-FR\",\"@id\":\"https:\/\/vision-dz.com\/#\/schema\/logo\/image\/\",\"url\":\"https:\/\/vision-dz.com\/wp-content\/uploads\/2025\/11\/favicon.png\",\"contentUrl\":\"https:\/\/vision-dz.com\/wp-content\/uploads\/2025\/11\/favicon.png\",\"width\":512,\"height\":512,\"caption\":\"Vision DZ\"},\"image\":{\"@id\":\"https:\/\/vision-dz.com\/#\/schema\/logo\/image\/\"}}]}<\/script>\n<!-- \/ Yoast SEO Premium plugin. -->","yoast_head_json":{"title":"Masterstudy Education - Th\u00e8me WordPress LMS pour l\u2019\u00e9ducation, l\u2019apprentissage en ligne.","description":"Acheter Masterstudy Education - Th\u00e8me WordPress LMS pour l\u2019\u00e9ducation, l\u2019apprentissage en ligne et les cours en ligne par StylemixThemes sur ThemeForest.","robots":{"index":"index","follow":"follow","max-snippet":"max-snippet:-1","max-image-preview":"max-image-preview:large","max-video-preview":"max-video-preview:-1"},"canonical":"https:\/\/vision-dz.com\/fr\/a-propos-de-nous\/","og_locale":"fr_FR","og_type":"article","og_title":"\u00c0 propos de nous","og_description":"Acheter Masterstudy Education - Th\u00e8me WordPress LMS pour l\u2019\u00e9ducation, l\u2019apprentissage en ligne et les cours en ligne par StylemixThemes sur ThemeForest.","og_url":"https:\/\/vision-dz.com\/fr\/a-propos-de-nous\/","og_site_name":"Vision DZ","article_modified_time":"2024-09-10T13:57:14+00:00","og_image":[{"url":"https:\/\/vision-dz.com\/wp-content\/uploads\/2024\/06\/photo_2024-06-10-13.46.22-1024x682.jpeg","type":"","width":"","height":""}],"twitter_card":"summary_large_image","twitter_misc":{"Dur\u00e9e de lecture estim\u00e9e":"2 minutes"},"schema":{"@context":"https:\/\/schema.org","@graph":[{"@type":"WebPage","@id":"https:\/\/vision-dz.com\/fr\/a-propos-de-nous\/","url":"https:\/\/vision-dz.com\/fr\/a-propos-de-nous\/","name":"Masterstudy Education - Th\u00e8me WordPress LMS pour l\u2019\u00e9ducation, l\u2019apprentissage en ligne.","isPartOf":{"@id":"https:\/\/vision-dz.com\/#website"},"primaryImageOfPage":{"@id":"https:\/\/vision-dz.com\/fr\/a-propos-de-nous\/#primaryimage"},"image":{"@id":"https:\/\/vision-dz.com\/fr\/a-propos-de-nous\/#primaryimage"},"thumbnailUrl":"https:\/\/vision-dz.com\/wp-content\/uploads\/2024\/06\/photo_2024-06-10-13.46.22-1024x682.jpeg","datePublished":"2015-07-02T05:10:48+00:00","dateModified":"2024-09-10T13:57:14+00:00","description":"Acheter Masterstudy Education - Th\u00e8me WordPress LMS pour l\u2019\u00e9ducation, l\u2019apprentissage en ligne et les cours en ligne par StylemixThemes sur ThemeForest.","breadcrumb":{"@id":"https:\/\/vision-dz.com\/fr\/a-propos-de-nous\/#breadcrumb"},"inLanguage":"fr-FR","potentialAction":[{"@type":"ReadAction","target":["https:\/\/vision-dz.com\/fr\/a-propos-de-nous\/"]}]},{"@type":"ImageObject","inLanguage":"fr-FR","@id":"https:\/\/vision-dz.com\/fr\/a-propos-de-nous\/#primaryimage","url":"https:\/\/vision-dz.com\/wp-content\/uploads\/2024\/06\/photo_2024-06-10-13.46.22-1024x682.jpeg","contentUrl":"https:\/\/vision-dz.com\/wp-content\/uploads\/2024\/06\/photo_2024-06-10-13.46.22-1024x682.jpeg"},{"@type":"BreadcrumbList","@id":"https:\/\/vision-dz.com\/fr\/a-propos-de-nous\/#breadcrumb","itemListElement":[{"@type":"ListItem","position":1,"name":"Home","item":"https:\/\/vision-dz.com\/fr\/une-page-nouveau\/"},{"@type":"ListItem","position":2,"name":"\u00c0 propos de nous"}]},{"@type":"WebSite","@id":"https:\/\/vision-dz.com\/#website","url":"https:\/\/vision-dz.com\/","name":"Vision DZ","description":"Station of Motivation","publisher":{"@id":"https:\/\/vision-dz.com\/#organization"},"potentialAction":[{"@type":"SearchAction","target":{"@type":"EntryPoint","urlTemplate":"https:\/\/vision-dz.com\/?s={search_term_string}"},"query-input":{"@type":"PropertyValueSpecification","valueRequired":true,"valueName":"search_term_string"}}],"inLanguage":"fr-FR"},{"@type":"Organization","@id":"https:\/\/vision-dz.com\/#organization","name":"Vision DZ","url":"https:\/\/vision-dz.com\/","logo":{"@type":"ImageObject","inLanguage":"fr-FR","@id":"https:\/\/vision-dz.com\/#\/schema\/logo\/image\/","url":"https:\/\/vision-dz.com\/wp-content\/uploads\/2025\/11\/favicon.png","contentUrl":"https:\/\/vision-dz.com\/wp-content\/uploads\/2025\/11\/favicon.png","width":512,"height":512,"caption":"Vision DZ"},"image":{"@id":"https:\/\/vision-dz.com\/#\/schema\/logo\/image\/"}}]}},"_links":{"self":[{"href":"https:\/\/vision-dz.com\/fr\/wp-json\/wp\/v2\/pages\/7342"}],"collection":[{"href":"https:\/\/vision-dz.com\/fr\/wp-json\/wp\/v2\/pages"}],"about":[{"href":"https:\/\/vision-dz.com\/fr\/wp-json\/wp\/v2\/types\/page"}],"author":[{"embeddable":true,"href":"https:\/\/vision-dz.com\/fr\/wp-json\/wp\/v2\/users\/1"}],"replies":[{"embeddable":true,"href":"https:\/\/vision-dz.com\/fr\/wp-json\/wp\/v2\/comments?post=7342"}],"version-history":[{"count":0,"href":"https:\/\/vision-dz.com\/fr\/wp-json\/wp\/v2\/pages\/7342\/revisions"}],"wp:attachment":[{"href":"https:\/\/vision-dz.com\/fr\/wp-json\/wp\/v2\/media?parent=7342"}],"curies":[{"name":"wp","href":"https:\/\/api.w.org\/{rel}","templated":true}]}}