



{"id":7329,"date":"2024-03-11T10:45:02","date_gmt":"2024-03-11T10:45:02","guid":{"rendered":"https:\/\/dev.vision-dz.com\/legal-notice\/"},"modified":"2024-09-10T13:58:24","modified_gmt":"2024-09-10T13:58:24","slug":"mentions-legales","status":"publish","type":"page","link":"https:\/\/vision-dz.com\/fr\/mentions-legales\/","title":{"rendered":"Legal Notice"},"content":{"rendered":"\t\t<div data-elementor-type=\"wp-page\" data-elementor-id=\"7329\" class=\"elementor elementor-7329 elementor-6367\" data-elementor-post-type=\"page\">\n\t\t\t\t<div class=\"elementor-element elementor-element-6a3aa0a e-flex e-con-boxed e-con e-parent\" data-id=\"6a3aa0a\" data-element_type=\"container\" data-e-type=\"container\">\n\t\t\t\t\t<div class=\"e-con-inner\">\n\t\t<div class=\"elementor-element elementor-element-586c56b e-con-full e-flex e-con e-child\" data-id=\"586c56b\" data-element_type=\"container\" data-e-type=\"container\">\n\t\t\t\t<\/div>\n\t\t<div class=\"elementor-element elementor-element-901c1dd e-con-full e-flex e-con e-child\" data-id=\"901c1dd\" data-element_type=\"container\" data-e-type=\"container\">\n\t\t<div class=\"elementor-element elementor-element-3414117 e-con-full e-flex e-con e-child\" data-id=\"3414117\" data-element_type=\"container\" data-e-type=\"container\">\n\t\t\t\t<div class=\"elementor-element elementor-element-67b7767 elementor-widget elementor-widget-heading\" data-id=\"67b7767\" data-element_type=\"widget\" data-e-type=\"widget\" data-widget_type=\"heading.default\">\n\t\t\t\t<div class=\"elementor-widget-container\">\n\t\t\t\t\t<h2 class=\"elementor-heading-title elementor-size-default\">Site Notice<\/h2>\t\t\t\t<\/div>\n\t\t\t\t<\/div>\n\t\t\t\t<div class=\"elementor-element elementor-element-085955b lora elementor-widget elementor-widget-text-editor\" data-id=\"085955b\" data-element_type=\"widget\" data-e-type=\"widget\" data-widget_type=\"text-editor.default\">\n\t\t\t\t<div class=\"elementor-widget-container\">\n\t\t\t\t\t\t\t\t\t<p>Boubakeur Djoudi<br \/>Allee der Kosmonaunten 25A,<br \/>10315 Berlin<br \/>Deutschland<\/p>\n<h2>Contact<\/h2>\n<p>T\u00e9l\u00e9phone&nbsp;: +49 176 202 606 90<br \/>Courriel : <span \n                data-original-string='hPimW6VqRo5Wb1FgWJ0+nQ==108YWyYEPzjZ9x2METkKXleo\/UEJOCvA5oyW6QfeG+QUDE='\n                class='apbct-email-encoder'\n                title='This contact has been encoded by Anti-Spam by CleanTalk. Click to decode. To finish the decoding make sure that JavaScript is enabled in your browser.'>in<span class=\"apbct-blur\">**<\/span>@<span class=\"apbct-blur\">*******<\/span>dz.com<\/span><\/p>\n<h2>Person responsible for editorial<\/h2>\n<p>Boubakeur Djoudi<br \/>Allee der Kosmonaunten 25A,<br \/>10315 Berlin<br \/>Deutschland<\/p>\n<h2>EU dispute resolution<\/h2>\n<p>La Commission europ\u00e9enne met \u00e0 disposition une plateforme de r\u00e8glement en ligne des litiges (ODR) : <a href=\"https:\/\/ec.europa.eu\/consumers\/odr\/\" target=\"_blank\" rel=\"noopener noreferrer\">https:\/\/ec.europa.eu\/consumers\/odr\/<\/a>.<br \/>Notre adresse e-mail se trouve ci-dessus dans l\u2019avis du site.<\/p>\n<h2>Dispute resolution proceedings in front of a consumer arbitration board<\/h2>\n<p>We are not willing or obliged to participate in dispute resolution proceedings in front of a consumer arbitration board.<\/p>\n<h2>Legal Disclaimer<\/h2>\n<p>VISION is an information platform for employment, professional training, study, volunteering, and life in Germany. All content on this site is legally protected and subject to copyright. Statements made on various matters are editorial texts and original information, not legally binding. Nothing on this site constitutes legal advice. Consult a tax advisor for tax-related advice. Editorial content reflects the state of thorough research at the time of publication.<\/p>\n\t\t\t\t\t\t\t\t<\/div>\n\t\t\t\t<\/div>\n\t\t\t\t<\/div>\n\t\t\t\t<\/div>\n\t\t\t\t\t<\/div>\n\t\t\t\t<\/div>\n\t\t\t\t<\/div>\n\t\t","protected":false},"excerpt":{"rendered":"<p>Site Notice Boubakeur DjoudiAllee der Kosmonaunten 25A,10315 BerlinDeutschland Contact T\u00e9l\u00e9phone&nbsp;: +49 176 202 606 90Courriel : in**@*******dz.com Person responsible for editorial Boubakeur DjoudiAllee der Kosmonaunten 25A,10315 BerlinDeutschland EU dispute resolution La Commission europ\u00e9enne met \u00e0 disposition une plateforme de r\u00e8glement en ligne des litiges (ODR) : https:\/\/ec.europa.eu\/consumers\/odr\/.Notre adresse e-mail se trouve ci-dessus dans l\u2019avis du [&hellip;]<\/p>\n","protected":false},"author":1,"featured_media":0,"parent":0,"menu_order":0,"comment_status":"closed","ping_status":"closed","template":"elementor_header_footer","meta":{"_bbp_topic_count":0,"_bbp_reply_count":0,"_bbp_total_topic_count":0,"_bbp_total_reply_count":0,"_bbp_voice_count":0,"_bbp_anonymous_reply_count":0,"_bbp_topic_count_hidden":0,"_bbp_reply_count_hidden":0,"_bbp_forum_subforum_count":0,"footnotes":""},"class_list":["post-7329","page","type-page","status-publish","hentry"],"yoast_head":"<!-- This site is optimized with the Yoast SEO Premium plugin v24.4 (Yoast SEO v24.4) - https:\/\/yoast.com\/wordpress\/plugins\/seo\/ -->\n<title>Masterstudy Education - Th\u00e8me WordPress LMS pour l\u2019\u00e9ducation, l\u2019apprentissage en ligne.<\/title>\n<meta name=\"description\" content=\"Acheter Masterstudy Education - Th\u00e8me WordPress LMS pour l\u2019\u00e9ducation, l\u2019apprentissage en ligne et les cours en ligne par StylemixThemes sur ThemeForest.\" \/>\n<meta name=\"robots\" content=\"index, follow, max-snippet:-1, max-image-preview:large, max-video-preview:-1\" \/>\n<link rel=\"canonical\" href=\"https:\/\/vision-dz.com\/fr\/mentions-legales\/\" \/>\n<meta property=\"og:locale\" content=\"fr_FR\" \/>\n<meta property=\"og:type\" content=\"article\" \/>\n<meta property=\"og:title\" content=\"Legal Notice\" \/>\n<meta property=\"og:description\" content=\"Acheter Masterstudy Education - Th\u00e8me WordPress LMS pour l\u2019\u00e9ducation, l\u2019apprentissage en ligne et les cours en ligne par StylemixThemes sur ThemeForest.\" \/>\n<meta property=\"og:url\" content=\"https:\/\/vision-dz.com\/fr\/mentions-legales\/\" \/>\n<meta property=\"og:site_name\" content=\"Vision DZ\" \/>\n<meta property=\"article:modified_time\" content=\"2024-09-10T13:58:24+00:00\" \/>\n<meta name=\"twitter:card\" content=\"summary_large_image\" \/>\n<meta name=\"twitter:label1\" content=\"Dur\u00e9e de lecture estim\u00e9e\" \/>\n\t<meta name=\"twitter:data1\" content=\"1 minute\" \/>\n<script type=\"application\/ld+json\" class=\"yoast-schema-graph\">{\"@context\":\"https:\/\/schema.org\",\"@graph\":[{\"@type\":\"WebPage\",\"@id\":\"https:\/\/vision-dz.com\/fr\/mentions-legales\/\",\"url\":\"https:\/\/vision-dz.com\/fr\/mentions-legales\/\",\"name\":\"Masterstudy Education - Th\u00e8me WordPress LMS pour l\u2019\u00e9ducation, l\u2019apprentissage en ligne.\",\"isPartOf\":{\"@id\":\"https:\/\/vision-dz.com\/#website\"},\"datePublished\":\"2024-03-11T10:45:02+00:00\",\"dateModified\":\"2024-09-10T13:58:24+00:00\",\"description\":\"Acheter Masterstudy Education - Th\u00e8me WordPress LMS pour l\u2019\u00e9ducation, l\u2019apprentissage en ligne et les cours en ligne par StylemixThemes sur ThemeForest.\",\"breadcrumb\":{\"@id\":\"https:\/\/vision-dz.com\/fr\/mentions-legales\/#breadcrumb\"},\"inLanguage\":\"fr-FR\",\"potentialAction\":[{\"@type\":\"ReadAction\",\"target\":[\"https:\/\/vision-dz.com\/fr\/mentions-legales\/\"]}]},{\"@type\":\"BreadcrumbList\",\"@id\":\"https:\/\/vision-dz.com\/fr\/mentions-legales\/#breadcrumb\",\"itemListElement\":[{\"@type\":\"ListItem\",\"position\":1,\"name\":\"Home\",\"item\":\"https:\/\/vision-dz.com\/fr\/une-page-nouveau\/\"},{\"@type\":\"ListItem\",\"position\":2,\"name\":\"Legal Notice\"}]},{\"@type\":\"WebSite\",\"@id\":\"https:\/\/vision-dz.com\/#website\",\"url\":\"https:\/\/vision-dz.com\/\",\"name\":\"Vision DZ\",\"description\":\"Station of Motivation\",\"publisher\":{\"@id\":\"https:\/\/vision-dz.com\/#organization\"},\"potentialAction\":[{\"@type\":\"SearchAction\",\"target\":{\"@type\":\"EntryPoint\",\"urlTemplate\":\"https:\/\/vision-dz.com\/?s={search_term_string}\"},\"query-input\":{\"@type\":\"PropertyValueSpecification\",\"valueRequired\":true,\"valueName\":\"search_term_string\"}}],\"inLanguage\":\"fr-FR\"},{\"@type\":\"Organization\",\"@id\":\"https:\/\/vision-dz.com\/#organization\",\"name\":\"Vision DZ\",\"url\":\"https:\/\/vision-dz.com\/\",\"logo\":{\"@type\":\"ImageObject\",\"inLanguage\":\"fr-FR\",\"@id\":\"https:\/\/vision-dz.com\/#\/schema\/logo\/image\/\",\"url\":\"https:\/\/vision-dz.com\/wp-content\/uploads\/2025\/11\/favicon.png\",\"contentUrl\":\"https:\/\/vision-dz.com\/wp-content\/uploads\/2025\/11\/favicon.png\",\"width\":512,\"height\":512,\"caption\":\"Vision DZ\"},\"image\":{\"@id\":\"https:\/\/vision-dz.com\/#\/schema\/logo\/image\/\"}}]}<\/script>\n<!-- \/ Yoast SEO Premium plugin. -->","yoast_head_json":{"title":"Masterstudy Education - Th\u00e8me WordPress LMS pour l\u2019\u00e9ducation, l\u2019apprentissage en ligne.","description":"Acheter Masterstudy Education - Th\u00e8me WordPress LMS pour l\u2019\u00e9ducation, l\u2019apprentissage en ligne et les cours en ligne par StylemixThemes sur ThemeForest.","robots":{"index":"index","follow":"follow","max-snippet":"max-snippet:-1","max-image-preview":"max-image-preview:large","max-video-preview":"max-video-preview:-1"},"canonical":"https:\/\/vision-dz.com\/fr\/mentions-legales\/","og_locale":"fr_FR","og_type":"article","og_title":"Legal Notice","og_description":"Acheter Masterstudy Education - Th\u00e8me WordPress LMS pour l\u2019\u00e9ducation, l\u2019apprentissage en ligne et les cours en ligne par StylemixThemes sur ThemeForest.","og_url":"https:\/\/vision-dz.com\/fr\/mentions-legales\/","og_site_name":"Vision DZ","article_modified_time":"2024-09-10T13:58:24+00:00","twitter_card":"summary_large_image","twitter_misc":{"Dur\u00e9e de lecture estim\u00e9e":"1 minute"},"schema":{"@context":"https:\/\/schema.org","@graph":[{"@type":"WebPage","@id":"https:\/\/vision-dz.com\/fr\/mentions-legales\/","url":"https:\/\/vision-dz.com\/fr\/mentions-legales\/","name":"Masterstudy Education - Th\u00e8me WordPress LMS pour l\u2019\u00e9ducation, l\u2019apprentissage en ligne.","isPartOf":{"@id":"https:\/\/vision-dz.com\/#website"},"datePublished":"2024-03-11T10:45:02+00:00","dateModified":"2024-09-10T13:58:24+00:00","description":"Acheter Masterstudy Education - Th\u00e8me WordPress LMS pour l\u2019\u00e9ducation, l\u2019apprentissage en ligne et les cours en ligne par StylemixThemes sur ThemeForest.","breadcrumb":{"@id":"https:\/\/vision-dz.com\/fr\/mentions-legales\/#breadcrumb"},"inLanguage":"fr-FR","potentialAction":[{"@type":"ReadAction","target":["https:\/\/vision-dz.com\/fr\/mentions-legales\/"]}]},{"@type":"BreadcrumbList","@id":"https:\/\/vision-dz.com\/fr\/mentions-legales\/#breadcrumb","itemListElement":[{"@type":"ListItem","position":1,"name":"Home","item":"https:\/\/vision-dz.com\/fr\/une-page-nouveau\/"},{"@type":"ListItem","position":2,"name":"Legal Notice"}]},{"@type":"WebSite","@id":"https:\/\/vision-dz.com\/#website","url":"https:\/\/vision-dz.com\/","name":"Vision DZ","description":"Station of Motivation","publisher":{"@id":"https:\/\/vision-dz.com\/#organization"},"potentialAction":[{"@type":"SearchAction","target":{"@type":"EntryPoint","urlTemplate":"https:\/\/vision-dz.com\/?s={search_term_string}"},"query-input":{"@type":"PropertyValueSpecification","valueRequired":true,"valueName":"search_term_string"}}],"inLanguage":"fr-FR"},{"@type":"Organization","@id":"https:\/\/vision-dz.com\/#organization","name":"Vision DZ","url":"https:\/\/vision-dz.com\/","logo":{"@type":"ImageObject","inLanguage":"fr-FR","@id":"https:\/\/vision-dz.com\/#\/schema\/logo\/image\/","url":"https:\/\/vision-dz.com\/wp-content\/uploads\/2025\/11\/favicon.png","contentUrl":"https:\/\/vision-dz.com\/wp-content\/uploads\/2025\/11\/favicon.png","width":512,"height":512,"caption":"Vision DZ"},"image":{"@id":"https:\/\/vision-dz.com\/#\/schema\/logo\/image\/"}}]}},"_links":{"self":[{"href":"https:\/\/vision-dz.com\/fr\/wp-json\/wp\/v2\/pages\/7329"}],"collection":[{"href":"https:\/\/vision-dz.com\/fr\/wp-json\/wp\/v2\/pages"}],"about":[{"href":"https:\/\/vision-dz.com\/fr\/wp-json\/wp\/v2\/types\/page"}],"author":[{"embeddable":true,"href":"https:\/\/vision-dz.com\/fr\/wp-json\/wp\/v2\/users\/1"}],"replies":[{"embeddable":true,"href":"https:\/\/vision-dz.com\/fr\/wp-json\/wp\/v2\/comments?post=7329"}],"version-history":[{"count":0,"href":"https:\/\/vision-dz.com\/fr\/wp-json\/wp\/v2\/pages\/7329\/revisions"}],"wp:attachment":[{"href":"https:\/\/vision-dz.com\/fr\/wp-json\/wp\/v2\/media?parent=7329"}],"curies":[{"name":"wp","href":"https:\/\/api.w.org\/{rel}","templated":true}]}}