



{"id":7237,"date":"2024-03-07T08:37:48","date_gmt":"2024-03-07T08:37:48","guid":{"rendered":"https:\/\/dev.vision-dz.com\/etudes\/"},"modified":"2025-10-24T11:48:27","modified_gmt":"2025-10-24T11:48:27","slug":"study","status":"publish","type":"page","link":"https:\/\/vision-dz.com\/fr\/services\/study\/","title":{"rendered":"\u00c9tude"},"content":{"rendered":"\t\t<div data-elementor-type=\"wp-page\" data-elementor-id=\"7237\" class=\"elementor elementor-7237 elementor-6306\" data-elementor-post-type=\"page\">\n\t\t\t\t<div class=\"elementor-element elementor-element-345b17b e-con-full e-flex e-con e-parent\" data-id=\"345b17b\" data-element_type=\"container\" data-e-type=\"container\" data-settings=\"{&quot;background_background&quot;:&quot;classic&quot;}\">\n\t\t<div class=\"elementor-element elementor-element-5175870 e-flex e-con-boxed e-con e-child\" data-id=\"5175870\" data-element_type=\"container\" data-e-type=\"container\">\n\t\t\t\t\t<div class=\"e-con-inner\">\n\t\t\t\t\t<\/div>\n\t\t\t\t<\/div>\n\t\t\t\t<\/div>\n\t\t<div class=\"elementor-element elementor-element-6a3aa0a e-flex e-con-boxed e-con e-parent\" data-id=\"6a3aa0a\" data-element_type=\"container\" data-e-type=\"container\">\n\t\t\t\t\t<div class=\"e-con-inner\">\n\t\t<div class=\"elementor-element elementor-element-586c56b e-con-full e-flex e-con e-child\" data-id=\"586c56b\" data-element_type=\"container\" data-e-type=\"container\">\n\t\t\t\t<\/div>\n\t\t<div class=\"elementor-element elementor-element-901c1dd e-con-full e-flex e-con e-child\" data-id=\"901c1dd\" data-element_type=\"container\" data-e-type=\"container\">\n\t\t<div class=\"elementor-element elementor-element-3414117 e-con-full e-flex e-con e-child\" data-id=\"3414117\" data-element_type=\"container\" data-e-type=\"container\">\n\t\t\t\t<div class=\"elementor-element elementor-element-67b7767 elementor-widget elementor-widget-heading\" data-id=\"67b7767\" data-element_type=\"widget\" data-e-type=\"widget\" data-widget_type=\"heading.default\">\n\t\t\t\t<div class=\"elementor-widget-container\">\n\t\t\t\t\t<h2 class=\"elementor-heading-title elementor-size-default\">\u00c9tudier en Allemagne<\/h2>\t\t\t\t<\/div>\n\t\t\t\t<\/div>\n\t\t\t\t<div class=\"elementor-element elementor-element-085955b lora elementor-widget elementor-widget-text-editor\" data-id=\"085955b\" data-element_type=\"widget\" data-e-type=\"widget\" data-widget_type=\"text-editor.default\">\n\t\t\t\t<div class=\"elementor-widget-container\">\n\t\t\t\t\t\t\t\t\t<p>Allumez votre voyage intellectuel et \u00e9clairez votre chemin vers le succ\u00e8s gr\u00e2ce \u00e0 l&rsquo;enseignement allemand. Avec sa qualit\u00e9 exceptionnelle, son offre diversifi\u00e9e et son esprit d&rsquo;innovation, les \u00e9tudes en Allemagne ouvrent la voie \u00e0 des possibilit\u00e9s infinies. Pr\u00e9parez-vous \u00e0 r\u00e9ussir vos \u00e9tudes en Allemagne avec notre assistance d\u00e9di\u00e9e. Notre \u00e9quipe d&rsquo;experts vous guide dans le choix des programmes acad\u00e9miques qui correspondent \u00e0 vos int\u00e9r\u00eats et objectifs. B\u00e9n\u00e9ficiez de conseils personnalis\u00e9s et d&rsquo;une expertise pointue pour trouver les \u00e9tablissements adapt\u00e9s \u00e0 votre profil. Nous sommes l\u00e0 pour vous offrir un service professionnel, r\u00e9actif et conforme aux r\u00e8glements, afin de vous aider \u00e0 atteindre vos ambitions acad\u00e9miques en Allemagne.<\/p>\n\t\t\t\t\t\t\t\t<\/div>\n\t\t\t\t<\/div>\n\t\t\t\t<div class=\"elementor-element elementor-element-27f0f25 lora elementor-widget elementor-widget-text-editor\" data-id=\"27f0f25\" data-element_type=\"widget\" data-e-type=\"widget\" data-widget_type=\"text-editor.default\">\n\t\t\t\t<div class=\"elementor-widget-container\">\n\t\t\t\t\t\t\t\t\t<p>L\u2019Allemagne est une destination populaire pour les \u00e9tudiants \u00e9trangers en raison de ses universit\u00e9s de renomm\u00e9e mondiale et de son syst\u00e8me d\u2019enseignement sup\u00e9rieur de haute qualit\u00e9. Voici quelques informations importantes sur les \u00e9tudes en Allemagne pour les \u00e9trangers:<\/p>\n<ol>\n<li><strong>Offre acad\u00e9mique:<\/strong> l\u2019Allemagne propose une large gamme de programmes d\u2019\u00e9tudes dans divers domaines, que ce soit les sciences, l\u2019ing\u00e9nierie, les sciences humaines, les arts, les affaires, la m\u00e9decine, etc&#8230; Les universit\u00e9s allemandes offrent des programmes de premier cycle (Bachelor), de deuxi\u00e8me cycle (Master) et de troisi\u00e8me cycle (Doctorat).<\/li>\n<li><strong>Frais de scolarit\u00e9:<\/strong> la plupart des universit\u00e9s publiques en Allemagne ne facturent pas de frais de scolarit\u00e9 ou proposent des frais de scolarit\u00e9 tr\u00e8s bas. Cependant, certaines universit\u00e9s priv\u00e9es peuvent avoir des frais de scolarit\u00e9 plus \u00e9lev\u00e9s. Il est important de v\u00e9rifier les frais de scolarit\u00e9 sp\u00e9cifique pour chaque universit\u00e9 et programme.<\/li>\n<li><strong>Connaissances linguistiques:<\/strong> pour \u00e9tudier en Allemagne, il est n\u00e9cessaire de fournir un certificat de langue reconnu pour attester de votre niveau de comp\u00e9tence linguistique d\u2019allemand. Voici quelques-uns des certificats de langue les plus couramment accept\u00e9s en Allemagne:\n<ul>\n<li><strong>TestDAF<\/strong>(test Deutsch als Fremdsprach): Le testDAF est un examen standardis\u00e9 de comp\u00e9tence en allemand pour les \u00e9tudiants \u00e9trangers. Il est reconnu par la plupart des universit\u00e9s allemandes et \u00e9value les comp\u00e9tences en compr\u00e9hension \u00e9crite, compr\u00e9hension orale, expression \u00e9crite et expression orale.<\/li>\n<li><strong>DSH<\/strong> (Deutsche Sprachpr\u00fcfung f\u00fcr den Hochschulzugang): Le DSH est un examen de langue sp\u00e9cifique aux \u00e9tudes sup\u00e9rieures en Allemagne. Il est administr\u00e9 par les universit\u00e9s allemandes et \u00e9value les comp\u00e9tences linguistiques n\u00e9cessaires pour suivre des cours universitaires en allemand.<\/li>\n<li><strong>Certificat de langue Goethe-Institut:<\/strong> Le Goethe-institut propose une s\u00e9rie de certificats de langue allemande reconnus internationalement, tels que Zertifikat Deutsch, le Zertifikat Deutsch fur den Beruf (ZDfB), le Zertifikat Deutsch fur den Hochschulzugang (DSH). Ces certificats sont largement accept\u00e9s par les universit\u00e9s allemandes.<\/li>\n<li><strong>Le certificat \u00d6SD<\/strong> (\u00d6sterreichisches Sprachdiplom Deutsch): est un certificat de comp\u00e9tence en allemand d\u00e9livr\u00e9 par l\u2018\u00d6SD, l\u2019institut autrichien pour l\u2019allemand. Ce certificat est reconnu internationalement et atteste du niveau de comp\u00e9tence linguistique en allemand, conform\u00e9ment au cadre europ\u00e9en commun de r\u00e9f\u00e9rence pour les langues (CECR).<\/li>\n<li><strong>Les certificats de langue TELC:<\/strong> (The European Language Certificates) sont reconnus \u00e0 l\u2019\u00e9chelle internationale et sont bas\u00e9s sur le cadre europ\u00e9en commun de r\u00e9f\u00e9rence pour les langues (CECR), qui est un standard largement accept\u00e9 pour \u00e9valuer les comp\u00e9tences linguistiques.<br \/><strong>Remarque:<\/strong> si vous n\u2019avez pas encore le niveau de maitrise requis en allemand pour l\u2019admission directe, vous pouvez demander une admission conditionnelle afin de fr\u00e9quenter d\u2019abord une \u00e9cole de langue et de reprendre vos \u00e9tudes une fois que vous remplissez les conditions linguistiques. L\u2019admission conditionnelle est possible avec la r\u00e9ussite de l\u2019examen B1.<br \/>En ce qui concerne les programmes d\u2019\u00e9tudes internationales sp\u00e9cialement con\u00e7us pour les \u00e9tudiants \u00e9trangers, ces programmes sont g\u00e9n\u00e9ralement dispens\u00e9s en anglais et offrent une excellente occasion de recevoir une \u00e9ducation de qualit\u00e9 dans un environnement international. Voici quelques certificats de langues reconnu pour le programme d\u2019\u00e9tude international:<\/li>\n<li><strong>Test of English as a Foreign language (TOEFL):<\/strong> Le TOEFL est un examen standardis\u00e9 de comp\u00e9tence en anglais largement accept\u00e9 dans le monde entier, y compris en Allemagne. Il \u00e9value les comp\u00e9tences en compr\u00e9hension \u00e9crite, compr\u00e9hension orale, expression \u00e9crite et expression orale en anglais.<\/li>\n<li>International English Language Testing System <strong>(IELTS):<\/strong> L\u2019IELTS est un autre examen comp\u00e9tence en anglais largement reconnu, y compris en Allemagne. Il \u00e9value \u00e9galement les comp\u00e9tences en compr\u00e9hension \u00e9crite, compr\u00e9hension orale, expression \u00e9crite et expression orale en anglais. Voici d\u2019autre certificats reconnus pour les \u00e9coles international TOEIC, CELPIP et Cambridge English Qualifications, PET, FCE, et CPE.<\/li>\n<\/ul>\n<\/li>\n<li><strong>Bourses d\u2019\u00e9tudes:<\/strong> L\u2019Allemagne offre de nombreuses opportunit\u00e9s de bourses d\u2019\u00e9tudes pour les \u00e9tudiants \u00e9trangers. Les bourses peuvent \u00eatre offertes par le gouvernement allemand, des universit\u00e9s, des organisations priv\u00e9es ou des fondations.<br \/>Pour information, l\u2019Allemagne compte une cinquantaine d\u2019universit\u00e9s class\u00e9es parmi les meilleures au monde, dont une dizaine dans le top 200 mondial. Ces \u00e9tablissements proposent \u00e9galement plus de 500 programmes en anglais. Cela permet aux 100 000 \u00e9tudiants internationaux qui y \u00e9tudient de b\u00e9n\u00e9ficier de l\u2019enseignement sup\u00e9rieur de qualit\u00e9 qui fait la r\u00e9putation de l\u2019Allemagne. Mais les \u00e9tudiants choisissent \u00e9galement d\u2019\u00e9tudier en Allemagne en raison du co\u00fbt moins \u00e9lev\u00e9 de l\u2019\u00e9ducation, compar\u00e9 \u00e0 d\u2019autres pays.<\/li>\n<\/ol>\n\t\t\t\t\t\t\t\t<\/div>\n\t\t\t\t<\/div>\n\t\t\t\t<div class=\"elementor-element elementor-element-33a5ab07 elementor-widget elementor-widget-text-editor\" data-id=\"33a5ab07\" data-element_type=\"widget\" data-e-type=\"widget\" data-widget_type=\"text-editor.default\">\n\t\t\t\t<div class=\"elementor-widget-container\">\n\t\t\t\t\t\t\t\t\t<h3>D\u00e9marrez votre parcours en allemand avec nous d\u00e8s aujourd&rsquo;hui!<\/h3>\n\t\t\t\t\t\t\t\t<\/div>\n\t\t\t\t<\/div>\n\t\t\t\t<div class=\"elementor-element elementor-element-3f0018e1 elementor-widget elementor-widget-button\" data-id=\"3f0018e1\" data-element_type=\"widget\" data-e-type=\"widget\" data-widget_type=\"button.default\">\n\t\t\t\t<div class=\"elementor-widget-container\">\n\t\t\t\t\t\t\t\t\t<div class=\"elementor-button-wrapper\">\n\t\t\t\t\t<a class=\"elementor-button elementor-button-link elementor-size-sm\" href=\"#elementor-action%3Aaction%3Dpopup%3Aopen%26settings%3DeyJpZCI6ODIyMSwidG9nZ2xlIjpmYWxzZX0%3D\">\n\t\t\t\t\t\t<span class=\"elementor-button-content-wrapper\">\n\t\t\t\t\t\t\t\t\t<span class=\"elementor-button-text\">S'inscrire<\/span>\n\t\t\t\t\t<\/span>\n\t\t\t\t\t<\/a>\n\t\t\t\t<\/div>\n\t\t\t\t\t\t\t\t<\/div>\n\t\t\t\t<\/div>\n\t\t\t\t<\/div>\n\t\t<div class=\"elementor-element elementor-element-cf1000a e-con-full statistics e-flex e-con e-child\" data-id=\"cf1000a\" data-element_type=\"container\" data-e-type=\"container\">\n\t\t\t\t<div class=\"elementor-element elementor-element-27ee0da elementor-headline--style-highlight elementor-widget elementor-widget-animated-headline\" data-id=\"27ee0da\" data-element_type=\"widget\" data-e-type=\"widget\" data-settings=\"{&quot;marker&quot;:&quot;double_underline&quot;,&quot;highlighted_text&quot;:&quot;440,564&quot;,&quot;headline_style&quot;:&quot;highlight&quot;,&quot;highlight_animation_duration&quot;:1200}\" data-widget_type=\"animated-headline.default\">\n\t\t\t\t<div class=\"elementor-widget-container\">\n\t\t\t\t\t\t\t<h3 class=\"elementor-headline\">\n\t\t\t\t<span class=\"elementor-headline-dynamic-wrapper elementor-headline-text-wrapper\">\n\t\t\t\t\t<span class=\"elementor-headline-dynamic-text elementor-headline-text-active\">440,564<\/span>\n\t\t\t\t<\/span>\n\t\t\t\t\t<span class=\"elementor-headline-plain-text elementor-headline-text-wrapper\">\u00c9tudiants \u00e9trangers en 2023<\/span>\n\t\t\t\t\t<\/h3>\n\t\t\t\t\t\t<\/div>\n\t\t\t\t<\/div>\n\t\t\t\t<div class=\"elementor-element elementor-element-f8936ee elementor-headline--style-highlight elementor-widget elementor-widget-animated-headline\" data-id=\"f8936ee\" data-element_type=\"widget\" data-e-type=\"widget\" data-settings=\"{&quot;marker&quot;:&quot;double_underline&quot;,&quot;highlighted_text&quot;:&quot;29.4%&quot;,&quot;headline_style&quot;:&quot;highlight&quot;,&quot;highlight_animation_duration&quot;:1200}\" data-widget_type=\"animated-headline.default\">\n\t\t\t\t<div class=\"elementor-widget-container\">\n\t\t\t\t\t\t\t<h3 class=\"elementor-headline\">\n\t\t\t\t<span class=\"elementor-headline-dynamic-wrapper elementor-headline-text-wrapper\">\n\t\t\t\t\t<span class=\"elementor-headline-dynamic-text elementor-headline-text-active\">29.4%<\/span>\n\t\t\t\t<\/span>\n\t\t\t\t\t<span class=\"elementor-headline-plain-text elementor-headline-text-wrapper\"> augmentation du nombre d'\u00e9tudiants \u00e9trangers entre 2015 et 2022.<\/span>\n\t\t\t\t\t<\/h3>\n\t\t\t\t\t\t<\/div>\n\t\t\t\t<\/div>\n\t\t\t\t<div class=\"elementor-element elementor-element-cdc7b62 elementor-headline--style-highlight elementor-widget elementor-widget-animated-headline\" data-id=\"cdc7b62\" data-element_type=\"widget\" data-e-type=\"widget\" data-settings=\"{&quot;marker&quot;:&quot;double_underline&quot;,&quot;highlighted_text&quot;:&quot;145,707&quot;,&quot;headline_style&quot;:&quot;highlight&quot;,&quot;highlight_animation_duration&quot;:1200}\" data-widget_type=\"animated-headline.default\">\n\t\t\t\t<div class=\"elementor-widget-container\">\n\t\t\t\t\t\t\t<h3 class=\"elementor-headline\">\n\t\t\t\t<span class=\"elementor-headline-dynamic-wrapper elementor-headline-text-wrapper\">\n\t\t\t\t\t<span class=\"elementor-headline-dynamic-text elementor-headline-text-active\">145,707<\/span>\n\t\t\t\t<\/span>\n\t\t\t\t\t<span class=\"elementor-headline-plain-text elementor-headline-text-wrapper\">\u00e9tudiants \u00e9trangers \u00e9tudient l'ing\u00e9nierie en Allemagne, ce qui repr\u00e9sente la majorit\u00e9. <\/span>\n\t\t\t\t\t<\/h3>\n\t\t\t\t\t\t<\/div>\n\t\t\t\t<\/div>\n\t\t\t\t<\/div>\n\t\t\t\t<\/div>\n\t\t\t\t\t<\/div>\n\t\t\t\t<\/div>\n\t\t\t\t<\/div>\n\t\t","protected":false},"excerpt":{"rendered":"<p>\u00c9tudier en Allemagne Allumez votre voyage intellectuel et \u00e9clairez votre chemin vers le succ\u00e8s gr\u00e2ce \u00e0 l&rsquo;enseignement allemand. Avec sa qualit\u00e9 exceptionnelle, son offre diversifi\u00e9e et son esprit d&rsquo;innovation, les \u00e9tudes en Allemagne ouvrent la voie \u00e0 des possibilit\u00e9s infinies. Pr\u00e9parez-vous \u00e0 r\u00e9ussir vos \u00e9tudes en Allemagne avec notre assistance d\u00e9di\u00e9e. Notre \u00e9quipe d&rsquo;experts vous [&hellip;]<\/p>\n","protected":false},"author":1,"featured_media":0,"parent":7347,"menu_order":0,"comment_status":"closed","ping_status":"closed","template":"","meta":{"_bbp_topic_count":0,"_bbp_reply_count":0,"_bbp_total_topic_count":0,"_bbp_total_reply_count":0,"_bbp_voice_count":0,"_bbp_anonymous_reply_count":0,"_bbp_topic_count_hidden":0,"_bbp_reply_count_hidden":0,"_bbp_forum_subforum_count":0,"footnotes":""},"class_list":["post-7237","page","type-page","status-publish","hentry"],"yoast_head":"<!-- This site is optimized with the Yoast SEO Premium plugin v24.4 (Yoast SEO v24.4) - https:\/\/yoast.com\/wordpress\/plugins\/seo\/ -->\n<title>Masterstudy Education - Th\u00e8me WordPress LMS pour l\u2019\u00e9ducation, l\u2019apprentissage en ligne.<\/title>\n<meta name=\"description\" content=\"Acheter Masterstudy Education - Th\u00e8me WordPress LMS pour l\u2019\u00e9ducation, l\u2019apprentissage en ligne et les cours en ligne par StylemixThemes sur ThemeForest.\" \/>\n<meta name=\"robots\" content=\"index, follow, max-snippet:-1, max-image-preview:large, max-video-preview:-1\" \/>\n<link rel=\"canonical\" href=\"https:\/\/vision-dz.com\/fr\/services\/study\/\" \/>\n<meta property=\"og:locale\" content=\"fr_FR\" \/>\n<meta property=\"og:type\" content=\"article\" \/>\n<meta property=\"og:title\" content=\"\u00c9tude\" \/>\n<meta property=\"og:description\" content=\"Acheter Masterstudy Education - Th\u00e8me WordPress LMS pour l\u2019\u00e9ducation, l\u2019apprentissage en ligne et les cours en ligne par StylemixThemes sur ThemeForest.\" \/>\n<meta property=\"og:url\" content=\"https:\/\/vision-dz.com\/fr\/services\/study\/\" \/>\n<meta property=\"og:site_name\" content=\"Vision DZ\" \/>\n<meta property=\"article:modified_time\" content=\"2025-10-24T11:48:27+00:00\" \/>\n<meta property=\"og:image\" content=\"https:\/\/vision-dz.com\/wp-content\/uploads\/elementor\/thumbs\/DP-B2-qszel7iuqarx12zmgtk8fi02xoad5dxp838b1y6ytm.png\" \/>\n<meta name=\"twitter:card\" content=\"summary_large_image\" \/>\n<meta name=\"twitter:label1\" content=\"Dur\u00e9e de lecture estim\u00e9e\" \/>\n\t<meta name=\"twitter:data1\" content=\"5 minutes\" \/>\n<script type=\"application\/ld+json\" class=\"yoast-schema-graph\">{\"@context\":\"https:\/\/schema.org\",\"@graph\":[{\"@type\":\"WebPage\",\"@id\":\"https:\/\/vision-dz.com\/fr\/services\/study\/\",\"url\":\"https:\/\/vision-dz.com\/fr\/services\/study\/\",\"name\":\"Masterstudy Education - Th\u00e8me WordPress LMS pour l\u2019\u00e9ducation, l\u2019apprentissage en ligne.\",\"isPartOf\":{\"@id\":\"https:\/\/vision-dz.com\/#website\"},\"datePublished\":\"2024-03-07T08:37:48+00:00\",\"dateModified\":\"2025-10-24T11:48:27+00:00\",\"description\":\"Acheter Masterstudy Education - Th\u00e8me WordPress LMS pour l\u2019\u00e9ducation, l\u2019apprentissage en ligne et les cours en ligne par StylemixThemes sur ThemeForest.\",\"breadcrumb\":{\"@id\":\"https:\/\/vision-dz.com\/fr\/services\/study\/#breadcrumb\"},\"inLanguage\":\"fr-FR\",\"potentialAction\":[{\"@type\":\"ReadAction\",\"target\":[\"https:\/\/vision-dz.com\/fr\/services\/study\/\"]}]},{\"@type\":\"BreadcrumbList\",\"@id\":\"https:\/\/vision-dz.com\/fr\/services\/study\/#breadcrumb\",\"itemListElement\":[{\"@type\":\"ListItem\",\"position\":1,\"name\":\"Home\",\"item\":\"https:\/\/vision-dz.com\/fr\/une-page-nouveau\/\"},{\"@type\":\"ListItem\",\"position\":2,\"name\":\"Services\",\"item\":\"https:\/\/vision-dz.com\/fr\/services\/\"},{\"@type\":\"ListItem\",\"position\":3,\"name\":\"\u00c9tude\"}]},{\"@type\":\"WebSite\",\"@id\":\"https:\/\/vision-dz.com\/#website\",\"url\":\"https:\/\/vision-dz.com\/\",\"name\":\"Vision DZ\",\"description\":\"Station of Motivation\",\"publisher\":{\"@id\":\"https:\/\/vision-dz.com\/#organization\"},\"potentialAction\":[{\"@type\":\"SearchAction\",\"target\":{\"@type\":\"EntryPoint\",\"urlTemplate\":\"https:\/\/vision-dz.com\/?s={search_term_string}\"},\"query-input\":{\"@type\":\"PropertyValueSpecification\",\"valueRequired\":true,\"valueName\":\"search_term_string\"}}],\"inLanguage\":\"fr-FR\"},{\"@type\":\"Organization\",\"@id\":\"https:\/\/vision-dz.com\/#organization\",\"name\":\"Vision DZ\",\"url\":\"https:\/\/vision-dz.com\/\",\"logo\":{\"@type\":\"ImageObject\",\"inLanguage\":\"fr-FR\",\"@id\":\"https:\/\/vision-dz.com\/#\/schema\/logo\/image\/\",\"url\":\"https:\/\/vision-dz.com\/wp-content\/uploads\/2025\/11\/favicon.png\",\"contentUrl\":\"https:\/\/vision-dz.com\/wp-content\/uploads\/2025\/11\/favicon.png\",\"width\":512,\"height\":512,\"caption\":\"Vision DZ\"},\"image\":{\"@id\":\"https:\/\/vision-dz.com\/#\/schema\/logo\/image\/\"}}]}<\/script>\n<!-- \/ Yoast SEO Premium plugin. -->","yoast_head_json":{"title":"Masterstudy Education - Th\u00e8me WordPress LMS pour l\u2019\u00e9ducation, l\u2019apprentissage en ligne.","description":"Acheter Masterstudy Education - Th\u00e8me WordPress LMS pour l\u2019\u00e9ducation, l\u2019apprentissage en ligne et les cours en ligne par StylemixThemes sur ThemeForest.","robots":{"index":"index","follow":"follow","max-snippet":"max-snippet:-1","max-image-preview":"max-image-preview:large","max-video-preview":"max-video-preview:-1"},"canonical":"https:\/\/vision-dz.com\/fr\/services\/study\/","og_locale":"fr_FR","og_type":"article","og_title":"\u00c9tude","og_description":"Acheter Masterstudy Education - Th\u00e8me WordPress LMS pour l\u2019\u00e9ducation, l\u2019apprentissage en ligne et les cours en ligne par StylemixThemes sur ThemeForest.","og_url":"https:\/\/vision-dz.com\/fr\/services\/study\/","og_site_name":"Vision DZ","article_modified_time":"2025-10-24T11:48:27+00:00","og_image":[{"url":"https:\/\/vision-dz.com\/wp-content\/uploads\/elementor\/thumbs\/DP-B2-qszel7iuqarx12zmgtk8fi02xoad5dxp838b1y6ytm.png","type":"","width":"","height":""}],"twitter_card":"summary_large_image","twitter_misc":{"Dur\u00e9e de lecture estim\u00e9e":"5 minutes"},"schema":{"@context":"https:\/\/schema.org","@graph":[{"@type":"WebPage","@id":"https:\/\/vision-dz.com\/fr\/services\/study\/","url":"https:\/\/vision-dz.com\/fr\/services\/study\/","name":"Masterstudy Education - Th\u00e8me WordPress LMS pour l\u2019\u00e9ducation, l\u2019apprentissage en ligne.","isPartOf":{"@id":"https:\/\/vision-dz.com\/#website"},"datePublished":"2024-03-07T08:37:48+00:00","dateModified":"2025-10-24T11:48:27+00:00","description":"Acheter Masterstudy Education - Th\u00e8me WordPress LMS pour l\u2019\u00e9ducation, l\u2019apprentissage en ligne et les cours en ligne par StylemixThemes sur ThemeForest.","breadcrumb":{"@id":"https:\/\/vision-dz.com\/fr\/services\/study\/#breadcrumb"},"inLanguage":"fr-FR","potentialAction":[{"@type":"ReadAction","target":["https:\/\/vision-dz.com\/fr\/services\/study\/"]}]},{"@type":"BreadcrumbList","@id":"https:\/\/vision-dz.com\/fr\/services\/study\/#breadcrumb","itemListElement":[{"@type":"ListItem","position":1,"name":"Home","item":"https:\/\/vision-dz.com\/fr\/une-page-nouveau\/"},{"@type":"ListItem","position":2,"name":"Services","item":"https:\/\/vision-dz.com\/fr\/services\/"},{"@type":"ListItem","position":3,"name":"\u00c9tude"}]},{"@type":"WebSite","@id":"https:\/\/vision-dz.com\/#website","url":"https:\/\/vision-dz.com\/","name":"Vision DZ","description":"Station of Motivation","publisher":{"@id":"https:\/\/vision-dz.com\/#organization"},"potentialAction":[{"@type":"SearchAction","target":{"@type":"EntryPoint","urlTemplate":"https:\/\/vision-dz.com\/?s={search_term_string}"},"query-input":{"@type":"PropertyValueSpecification","valueRequired":true,"valueName":"search_term_string"}}],"inLanguage":"fr-FR"},{"@type":"Organization","@id":"https:\/\/vision-dz.com\/#organization","name":"Vision DZ","url":"https:\/\/vision-dz.com\/","logo":{"@type":"ImageObject","inLanguage":"fr-FR","@id":"https:\/\/vision-dz.com\/#\/schema\/logo\/image\/","url":"https:\/\/vision-dz.com\/wp-content\/uploads\/2025\/11\/favicon.png","contentUrl":"https:\/\/vision-dz.com\/wp-content\/uploads\/2025\/11\/favicon.png","width":512,"height":512,"caption":"Vision DZ"},"image":{"@id":"https:\/\/vision-dz.com\/#\/schema\/logo\/image\/"}}]}},"_links":{"self":[{"href":"https:\/\/vision-dz.com\/fr\/wp-json\/wp\/v2\/pages\/7237"}],"collection":[{"href":"https:\/\/vision-dz.com\/fr\/wp-json\/wp\/v2\/pages"}],"about":[{"href":"https:\/\/vision-dz.com\/fr\/wp-json\/wp\/v2\/types\/page"}],"author":[{"embeddable":true,"href":"https:\/\/vision-dz.com\/fr\/wp-json\/wp\/v2\/users\/1"}],"replies":[{"embeddable":true,"href":"https:\/\/vision-dz.com\/fr\/wp-json\/wp\/v2\/comments?post=7237"}],"version-history":[{"count":1,"href":"https:\/\/vision-dz.com\/fr\/wp-json\/wp\/v2\/pages\/7237\/revisions"}],"predecessor-version":[{"id":21520,"href":"https:\/\/vision-dz.com\/fr\/wp-json\/wp\/v2\/pages\/7237\/revisions\/21520"}],"up":[{"embeddable":true,"href":"https:\/\/vision-dz.com\/fr\/wp-json\/wp\/v2\/pages\/7347"}],"wp:attachment":[{"href":"https:\/\/vision-dz.com\/fr\/wp-json\/wp\/v2\/media?parent=7237"}],"curies":[{"name":"wp","href":"https:\/\/api.w.org\/{rel}","templated":true}]}}