



{"id":7234,"date":"2024-03-07T09:08:01","date_gmt":"2024-03-07T09:08:01","guid":{"rendered":"https:\/\/dev.vision-dz.com\/volontariat\/"},"modified":"2025-10-24T11:51:18","modified_gmt":"2025-10-24T11:51:18","slug":"volunteering","status":"publish","type":"page","link":"https:\/\/vision-dz.com\/fr\/services\/volunteering\/","title":{"rendered":"Volontariat"},"content":{"rendered":"\t\t<div data-elementor-type=\"wp-page\" data-elementor-id=\"7234\" class=\"elementor elementor-7234 elementor-6316\" data-elementor-post-type=\"page\">\n\t\t\t\t<div class=\"elementor-element elementor-element-345b17b e-con-full e-flex e-con e-parent\" data-id=\"345b17b\" data-element_type=\"container\" data-e-type=\"container\" data-settings=\"{&quot;background_background&quot;:&quot;classic&quot;}\">\n\t\t<div class=\"elementor-element elementor-element-5175870 e-flex e-con-boxed e-con e-child\" data-id=\"5175870\" data-element_type=\"container\" data-e-type=\"container\">\n\t\t\t\t\t<div class=\"e-con-inner\">\n\t\t\t\t\t<\/div>\n\t\t\t\t<\/div>\n\t\t\t\t<\/div>\n\t\t<div class=\"elementor-element elementor-element-6a3aa0a e-flex e-con-boxed e-con e-parent\" data-id=\"6a3aa0a\" data-element_type=\"container\" data-e-type=\"container\">\n\t\t\t\t\t<div class=\"e-con-inner\">\n\t\t<div class=\"elementor-element elementor-element-586c56b e-con-full e-flex e-con e-child\" data-id=\"586c56b\" data-element_type=\"container\" data-e-type=\"container\">\n\t\t\t\t<\/div>\n\t\t<div class=\"elementor-element elementor-element-901c1dd e-con-full e-flex e-con e-child\" data-id=\"901c1dd\" data-element_type=\"container\" data-e-type=\"container\">\n\t\t<div class=\"elementor-element elementor-element-3414117 e-con-full e-flex e-con e-child\" data-id=\"3414117\" data-element_type=\"container\" data-e-type=\"container\">\n\t\t\t\t<div class=\"elementor-element elementor-element-67b7767 elementor-widget elementor-widget-heading\" data-id=\"67b7767\" data-element_type=\"widget\" data-e-type=\"widget\" data-widget_type=\"heading.default\">\n\t\t\t\t<div class=\"elementor-widget-container\">\n\t\t\t\t\t<h2 class=\"elementor-heading-title elementor-size-default\">Le volontariat en Allemagne<\/h2>\t\t\t\t<\/div>\n\t\t\t\t<\/div>\n\t\t\t\t<div class=\"elementor-element elementor-element-085955b lora elementor-widget elementor-widget-text-editor\" data-id=\"085955b\" data-element_type=\"widget\" data-e-type=\"widget\" data-widget_type=\"text-editor.default\">\n\t\t\t\t<div class=\"elementor-widget-container\">\n\t\t\t\t\t\t\t\t\t<p>une aventure altruiste qui transforme vies et soci\u00e9t\u00e9s! Engagez-vous pour des causes qui vous tiennent \u00e0 c\u0153ur en Allemagne gr\u00e2ce \u00e0 notre plateforme d\u00e9di\u00e9e au volontariat. D\u00e9couvrez des opportunit\u00e9s enrichissantes pour vous impliquer dans des projets sociaux, environnementaux et culturels. Notre \u00e9quipe vous accompagne dans la recherche d&rsquo;organisations align\u00e9es avec vos valeurs. Avec notre approche professionnelle, r\u00e9active et respectueuse des r\u00e8glements, vivez une exp\u00e9rience de volontariat significative et gratifiante en Allemagne. Faites la diff\u00e9rence et d\u00e9veloppez vos comp\u00e9tences tout en contribuant \u00e0 un monde meilleur.<\/p>\n\t\t\t\t\t\t\t\t<\/div>\n\t\t\t\t<\/div>\n\t\t\t\t<div class=\"elementor-element elementor-element-59257f6 elementor-widget elementor-widget-text-editor\" data-id=\"59257f6\" data-element_type=\"widget\" data-e-type=\"widget\" data-widget_type=\"text-editor.default\">\n\t\t\t\t<div class=\"elementor-widget-container\">\n\t\t\t\t\t\t\t\t\t<p>Le volontariat en Allemagne est une activit\u00e9 largement r\u00e9pandue et encourag\u00e9e. Il existe de nombreuses opportunit\u00e9s de volontariat dans diff\u00e9rents domaines, tels que l\u2019environnement, l\u2019aide sociale, la culture, l\u2019\u00e9ducation, etc&#8230; Voici quelques points importants \u00e0 connaitre sur le volontariat en Allemagne:<\/p>\n<h3>Types de volontariat:<\/h3>\n<p>en Allemagne, il existe diff\u00e9rents types de volontariat, on vous fait part de ses types en quelques points:<\/p>\n<ul>\n<li><strong>Le volontariat \u00e9cologique<\/strong> connu sous le nom d\u2019\u00d6Koligischer Freiwilligendienst(F\u00d6J), est une forme de volontariat ax\u00e9e sur la protection de l\u2019environnement et le d\u00e9veloppement durable. Il vise \u00e0 sensibiliser et \u00e0 agir en faveur de l\u2019environnement en participant \u00e0 des projets de pr\u00e9servation de la nature, de conservation des ressources, de protection de la biodiversit\u00e9 etc&#8230; la dur\u00e9e du volontariat \u00e9cologique peut varier en fonction de l\u2019organisation et du projet choisis. Elle peut aller de quelques mois \u00e0 un ans ou plus. les volontaires \u00e9cologiques sont impliqu\u00e9s dans diff\u00e9rentes t\u00e2ches, telles que la plantation d\u2019arbres, l\u2019entretien des espaces naturels, la sensibilisation \u00e0 l\u2019environnement, la participation \u00e0 des projets de recherche. Les activit\u00e9s peuvent varier en fonction de l\u2019organisation d\u2019accueil et du projet sp\u00e9cifique.<\/li>\n<li><strong>FSJ (Freiwilliges Soziales jahr)<\/strong> c\u2019est un programme de volontariat en Allemagne sp\u00e9cifiquement ax\u00e9 sur le travail social. Il vise \u00e0 offrir aux jeunes la possibilit\u00e9 de s\u2019engager b\u00e9n\u00e9volement dans des domaines tels que l\u2019aide sociale, la sant\u00e9, l\u2019\u00e9ducation, le sport etc\u2026. FSJ permet aux jeunes de d\u00e9velopper des comp\u00e9tences, d\u2019acqu\u00e9rir de l\u2019exp\u00e9rience pratique et de contribuer \u00e0 la soci\u00e9t\u00e9. Il dure g\u00e9n\u00e9ralement entre 6 et 18 mois, le FSJ est ouvert aux jeunes \u00e2g\u00e9s de 16 \u00e0 27 ans. Il n\u2019y a pas de restrictions sp\u00e9cifique en termes de nationalit\u00e9, ce qui signifie que les jeunes \u00e9trangers peuvent \u00e9galement participer au programme. Les volontaires du FSJ sont impliqu\u00e9s dans diverses taches en fonction de l\u2019organisation d\u2019accueil. Cela peut inclure le soutien aux personnes \u00e2g\u00e9es, l\u2019aide aux personnes handicap\u00e9es, l\u2019encadrement des jeunes.<\/li>\n<li><strong>Le BFD (Bundesfreiwilligendienst)<\/strong> est un programme de volontariat en Allemagne qui offre aux personnes de tous \u00e2ges la possibilit\u00e9 de s\u2019engager b\u00e9n\u00e9volement dans diff\u00e9rents domaines. Il vise \u00e0 encourager l\u2019engagement civique et social en permettant aux volontaires de contribuer \u00e0 des projets et organisations dans des domaines tels que l\u2019aide sociale, la sant\u00e9, l\u2019\u00e9ducation etc&#8230; L\u2019entr\u00e9e est possible au d\u00e9but de chaque mois apr\u00e8s concertation avec le lieu d\u2019affectation avec un d\u00e9lai (\u00e0 compter de la cr\u00e9ation du contrat de 4 \u00e0 6 semaine). Le BFD dure au moins 6 mois et au plus 18 mois. Il est ouvert aux personnes de 18 ans jusqu\u2019\u00e0 l\u2019\u00e2ge de la retraite (quels que soient le statut social et les dipl\u00f4mes scolaires). les volontaires du BFD sont aussi impliqu\u00e9s dans diverses t\u00e2ches en fonction de l\u2019organisation d\u2019accueil. Cela peut inclure le soutien aux personnes \u00e2g\u00e9es, l\u2019aide aux personnes handicap\u00e9es, l\u2019assistances dans les \u00e9coles, les h\u00f4pitaux, les centres communautaires, la protection de l\u2019environnement, etc&#8230;<\/li>\n<li><strong>Le volontariat culturel<\/strong> en Allemagne, connu sous le nom de Kultureller Freiwilligendienst (FKJ), est une forme de volontariat ax\u00e9e sur le domaine culturel. Il vise \u00e0 promouvoir la culture, l\u2019art et le patrimoine en permettant aux volontaires de s\u2019impliquer dans des projets culturels, des institutions artistiques, des mus\u00e9es, des festivals, des centres culturels, etc&#8230; La dur\u00e9e du volontariat culturel peut varier en fonction de l\u2019organisation et du projet choisis. Elle peut aller de quelques mois \u00e0 un an ou plus. Les volontaires culturels peuvent \u00eatre impliqu\u00e9s dans diverses activit\u00e9s, telles que l\u2019organisation d\u2019\u00e9v\u00e8nements culturels, l\u2019accueil des visiteurs, la gestion des expositions, la promotion artistique et l\u2019animation culturelle.<\/li>\n<\/ul>\n<h4>Statut du volontaire<\/h4>\n<p>Les volontaires en Allemagne ont g\u00e9n\u00e9ralement un statut sp\u00e9cifique et b\u00e9n\u00e9ficient de certaines protections et avantages. Ils sont g\u00e9n\u00e9ralement couverts par une assurances sant\u00e9.<\/p>\n<h4>Reconnaissance du volontariat<\/h4>\n<p>Le volontariat en Allemagne est largement reconnu et valoris\u00e9. Il peut \u00eatre un atout dans votre parcours professionnel et personnel, en d\u00e9veloppant des comp\u00e9tences, en acqu\u00e9rant de l\u2019exp\u00e9rience et en \u00e9largissant votre r\u00e9seau.<\/p>\n<h4>Les avantages du volontariat en Allemagne<\/h4>\n<p>Le volontariat en Allemagne offre de nombreux avantages, tant sur le plan personnel que professionnel. Voici quelques-uns des avantages les plus courants:<\/p>\n<ul>\n<li>D\u00e9veloppement personnel<\/li>\n<li>Exp\u00e9rience pratique<\/li>\n<li>Renforcement du CV<\/li>\n<li>D\u00e9couverte culturelle<\/li>\n<li>Am\u00e9lioration de la langue<\/li>\n<\/ul>\n<p>Les exigences linguistiques pour le volontariat en Allemagne peuvent varier en fonction de l\u2019organisation ou du projet sp\u00e9cifique auquel vous souhaitez participer. Cependant, dans de nombreux cas, une connaissance de base de l\u2019allemand est souvent requise ou recommand\u00e9e. <br \/>L\u2019allemand \u00e9tant la langue officielle de l\u2019Allemagne, il est souvent pr\u00e9f\u00e9rable d\u2019avoir au moins une compr\u00e9hension de base de la langue pour pouvoir communiquer efficacement avec les autres volontaires.<\/p>\n\t\t\t\t\t\t\t\t<\/div>\n\t\t\t\t<\/div>\n\t\t\t\t<div class=\"elementor-element elementor-element-7ab9d7c9 elementor-widget elementor-widget-text-editor\" data-id=\"7ab9d7c9\" data-element_type=\"widget\" data-e-type=\"widget\" data-widget_type=\"text-editor.default\">\n\t\t\t\t<div class=\"elementor-widget-container\">\n\t\t\t\t\t\t\t\t\t<h3>Faites votre marque en Allemagne \u2013 inscrivez-vous et que votre voyage commence !<\/h3>\n\t\t\t\t\t\t\t\t<\/div>\n\t\t\t\t<\/div>\n\t\t\t\t<div class=\"elementor-element elementor-element-bd7e56 elementor-widget elementor-widget-button\" data-id=\"bd7e56\" data-element_type=\"widget\" data-e-type=\"widget\" data-widget_type=\"button.default\">\n\t\t\t\t<div class=\"elementor-widget-container\">\n\t\t\t\t\t\t\t\t\t<div class=\"elementor-button-wrapper\">\n\t\t\t\t\t<a class=\"elementor-button elementor-button-link elementor-size-sm\" href=\"#elementor-action%3Aaction%3Dpopup%3Aopen%26settings%3DeyJpZCI6ODIzMywidG9nZ2xlIjpmYWxzZX0%3D\">\n\t\t\t\t\t\t<span class=\"elementor-button-content-wrapper\">\n\t\t\t\t\t\t\t\t\t<span class=\"elementor-button-text\">S'inscrire<\/span>\n\t\t\t\t\t<\/span>\n\t\t\t\t\t<\/a>\n\t\t\t\t<\/div>\n\t\t\t\t\t\t\t\t<\/div>\n\t\t\t\t<\/div>\n\t\t\t\t<\/div>\n\t\t<div class=\"elementor-element elementor-element-cf1000a e-con-full statistics e-flex e-con e-child\" data-id=\"cf1000a\" data-element_type=\"container\" data-e-type=\"container\">\n\t\t\t\t<div class=\"elementor-element elementor-element-7935ded elementor-headline--style-highlight elementor-widget elementor-widget-animated-headline\" data-id=\"7935ded\" data-element_type=\"widget\" data-e-type=\"widget\" data-settings=\"{&quot;marker&quot;:&quot;underline_zigzag&quot;,&quot;highlighted_text&quot;:&quot;~15,7M &quot;,&quot;headline_style&quot;:&quot;highlight&quot;,&quot;highlight_animation_duration&quot;:1200}\" data-widget_type=\"animated-headline.default\">\n\t\t\t\t<div class=\"elementor-widget-container\">\n\t\t\t\t\t\t\t<h3 class=\"elementor-headline\">\n\t\t\t\t<span class=\"elementor-headline-dynamic-wrapper elementor-headline-text-wrapper\">\n\t\t\t\t\t<span class=\"elementor-headline-dynamic-text elementor-headline-text-active\">~15,7M <\/span>\n\t\t\t\t<\/span>\n\t\t\t\t\t<span class=\"elementor-headline-plain-text elementor-headline-text-wrapper\">people in Germany did volunteer work in 2022.<\/span>\n\t\t\t\t\t<\/h3>\n\t\t\t\t\t\t<\/div>\n\t\t\t\t<\/div>\n\t\t\t\t<div class=\"elementor-element elementor-element-c4618e7 elementor-headline--style-highlight elementor-widget elementor-widget-animated-headline\" data-id=\"c4618e7\" data-element_type=\"widget\" data-e-type=\"widget\" data-settings=\"{&quot;highlighted_text&quot;:&quot;~36.200&quot;,&quot;headline_style&quot;:&quot;highlight&quot;,&quot;marker&quot;:&quot;circle&quot;,&quot;highlight_animation_duration&quot;:1200}\" data-widget_type=\"animated-headline.default\">\n\t\t\t\t<div class=\"elementor-widget-container\">\n\t\t\t\t\t\t\t<h3 class=\"elementor-headline\">\n\t\t\t\t<span class=\"elementor-headline-dynamic-wrapper elementor-headline-text-wrapper\">\n\t\t\t\t\t<span class=\"elementor-headline-dynamic-text elementor-headline-text-active\">~36.200<\/span>\n\t\t\t\t<\/span>\n\t\t\t\t\t<span class=\"elementor-headline-plain-text elementor-headline-text-wrapper\"> The total number of BFD-volunteers in 2022.<\/span>\n\t\t\t\t\t<\/h3>\n\t\t\t\t\t\t<\/div>\n\t\t\t\t<\/div>\n\t\t\t\t<div class=\"elementor-element elementor-element-a48351d elementor-headline--style-highlight elementor-widget elementor-widget-animated-headline\" data-id=\"a48351d\" data-element_type=\"widget\" data-e-type=\"widget\" data-settings=\"{&quot;marker&quot;:&quot;double_underline&quot;,&quot;highlighted_text&quot;:&quot;~56.000 &quot;,&quot;headline_style&quot;:&quot;highlight&quot;,&quot;highlight_animation_duration&quot;:1200}\" data-widget_type=\"animated-headline.default\">\n\t\t\t\t<div class=\"elementor-widget-container\">\n\t\t\t\t\t\t\t<h3 class=\"elementor-headline\">\n\t\t\t\t<span class=\"elementor-headline-dynamic-wrapper elementor-headline-text-wrapper\">\n\t\t\t\t\t<span class=\"elementor-headline-dynamic-text elementor-headline-text-active\">~56.000 <\/span>\n\t\t\t\t<\/span>\n\t\t\t\t\t<span class=\"elementor-headline-plain-text elementor-headline-text-wrapper\">The total number of FSJ- and F\u00d6J-volunteers in 2022.<\/span>\n\t\t\t\t\t<\/h3>\n\t\t\t\t\t\t<\/div>\n\t\t\t\t<\/div>\n\t\t\t\t<\/div>\n\t\t\t\t<\/div>\n\t\t\t\t\t<\/div>\n\t\t\t\t<\/div>\n\t\t\t\t<\/div>\n\t\t","protected":false},"excerpt":{"rendered":"<p>Le volontariat en Allemagne une aventure altruiste qui transforme vies et soci\u00e9t\u00e9s! Engagez-vous pour des causes qui vous tiennent \u00e0 c\u0153ur en Allemagne gr\u00e2ce \u00e0 notre plateforme d\u00e9di\u00e9e au volontariat. D\u00e9couvrez des opportunit\u00e9s enrichissantes pour vous impliquer dans des projets sociaux, environnementaux et culturels. Notre \u00e9quipe vous accompagne dans la recherche d&rsquo;organisations align\u00e9es avec vos [&hellip;]<\/p>\n","protected":false},"author":1,"featured_media":0,"parent":7347,"menu_order":0,"comment_status":"closed","ping_status":"closed","template":"","meta":{"_bbp_topic_count":0,"_bbp_reply_count":0,"_bbp_total_topic_count":0,"_bbp_total_reply_count":0,"_bbp_voice_count":0,"_bbp_anonymous_reply_count":0,"_bbp_topic_count_hidden":0,"_bbp_reply_count_hidden":0,"_bbp_forum_subforum_count":0,"footnotes":""},"class_list":["post-7234","page","type-page","status-publish","hentry"],"yoast_head":"<!-- This site is optimized with the Yoast SEO Premium plugin v24.4 (Yoast SEO v24.4) - https:\/\/yoast.com\/wordpress\/plugins\/seo\/ -->\n<title>Masterstudy Education - Th\u00e8me WordPress LMS pour l\u2019\u00e9ducation, l\u2019apprentissage en ligne.<\/title>\n<meta name=\"description\" content=\"Acheter Masterstudy Education - Th\u00e8me WordPress LMS pour l\u2019\u00e9ducation, l\u2019apprentissage en ligne et les cours en ligne par StylemixThemes sur ThemeForest.\" \/>\n<meta name=\"robots\" content=\"index, follow, max-snippet:-1, max-image-preview:large, max-video-preview:-1\" \/>\n<link rel=\"canonical\" href=\"https:\/\/vision-dz.com\/fr\/services\/volunteering\/\" \/>\n<meta property=\"og:locale\" content=\"fr_FR\" \/>\n<meta property=\"og:type\" content=\"article\" \/>\n<meta property=\"og:title\" content=\"Volontariat\" \/>\n<meta property=\"og:description\" content=\"Acheter Masterstudy Education - Th\u00e8me WordPress LMS pour l\u2019\u00e9ducation, l\u2019apprentissage en ligne et les cours en ligne par StylemixThemes sur ThemeForest.\" \/>\n<meta property=\"og:url\" content=\"https:\/\/vision-dz.com\/fr\/services\/volunteering\/\" \/>\n<meta property=\"og:site_name\" content=\"Vision DZ\" \/>\n<meta property=\"article:modified_time\" content=\"2025-10-24T11:51:18+00:00\" \/>\n<meta property=\"og:image\" content=\"https:\/\/vision-dz.com\/wp-content\/uploads\/elementor\/thumbs\/Deutschkurs-C1.2-Berlin-1030x864-1-qsz9au9kl86bo5id317by1ebtcl7876qpur51igczu.jpg\" \/>\n<meta name=\"twitter:card\" content=\"summary_large_image\" \/>\n<meta name=\"twitter:label1\" content=\"Dur\u00e9e de lecture estim\u00e9e\" \/>\n\t<meta name=\"twitter:data1\" content=\"5 minutes\" \/>\n<script type=\"application\/ld+json\" class=\"yoast-schema-graph\">{\"@context\":\"https:\/\/schema.org\",\"@graph\":[{\"@type\":\"WebPage\",\"@id\":\"https:\/\/vision-dz.com\/fr\/services\/volunteering\/\",\"url\":\"https:\/\/vision-dz.com\/fr\/services\/volunteering\/\",\"name\":\"Masterstudy Education - Th\u00e8me WordPress LMS pour l\u2019\u00e9ducation, l\u2019apprentissage en ligne.\",\"isPartOf\":{\"@id\":\"https:\/\/vision-dz.com\/#website\"},\"datePublished\":\"2024-03-07T09:08:01+00:00\",\"dateModified\":\"2025-10-24T11:51:18+00:00\",\"description\":\"Acheter Masterstudy Education - Th\u00e8me WordPress LMS pour l\u2019\u00e9ducation, l\u2019apprentissage en ligne et les cours en ligne par StylemixThemes sur ThemeForest.\",\"breadcrumb\":{\"@id\":\"https:\/\/vision-dz.com\/fr\/services\/volunteering\/#breadcrumb\"},\"inLanguage\":\"fr-FR\",\"potentialAction\":[{\"@type\":\"ReadAction\",\"target\":[\"https:\/\/vision-dz.com\/fr\/services\/volunteering\/\"]}]},{\"@type\":\"BreadcrumbList\",\"@id\":\"https:\/\/vision-dz.com\/fr\/services\/volunteering\/#breadcrumb\",\"itemListElement\":[{\"@type\":\"ListItem\",\"position\":1,\"name\":\"Home\",\"item\":\"https:\/\/vision-dz.com\/fr\/une-page-nouveau\/\"},{\"@type\":\"ListItem\",\"position\":2,\"name\":\"Services\",\"item\":\"https:\/\/vision-dz.com\/fr\/services\/\"},{\"@type\":\"ListItem\",\"position\":3,\"name\":\"Volontariat\"}]},{\"@type\":\"WebSite\",\"@id\":\"https:\/\/vision-dz.com\/#website\",\"url\":\"https:\/\/vision-dz.com\/\",\"name\":\"Vision DZ\",\"description\":\"Station of Motivation\",\"publisher\":{\"@id\":\"https:\/\/vision-dz.com\/#organization\"},\"potentialAction\":[{\"@type\":\"SearchAction\",\"target\":{\"@type\":\"EntryPoint\",\"urlTemplate\":\"https:\/\/vision-dz.com\/?s={search_term_string}\"},\"query-input\":{\"@type\":\"PropertyValueSpecification\",\"valueRequired\":true,\"valueName\":\"search_term_string\"}}],\"inLanguage\":\"fr-FR\"},{\"@type\":\"Organization\",\"@id\":\"https:\/\/vision-dz.com\/#organization\",\"name\":\"Vision DZ\",\"url\":\"https:\/\/vision-dz.com\/\",\"logo\":{\"@type\":\"ImageObject\",\"inLanguage\":\"fr-FR\",\"@id\":\"https:\/\/vision-dz.com\/#\/schema\/logo\/image\/\",\"url\":\"https:\/\/vision-dz.com\/wp-content\/uploads\/2025\/11\/favicon.png\",\"contentUrl\":\"https:\/\/vision-dz.com\/wp-content\/uploads\/2025\/11\/favicon.png\",\"width\":512,\"height\":512,\"caption\":\"Vision DZ\"},\"image\":{\"@id\":\"https:\/\/vision-dz.com\/#\/schema\/logo\/image\/\"}}]}<\/script>\n<!-- \/ Yoast SEO Premium plugin. -->","yoast_head_json":{"title":"Masterstudy Education - Th\u00e8me WordPress LMS pour l\u2019\u00e9ducation, l\u2019apprentissage en ligne.","description":"Acheter Masterstudy Education - Th\u00e8me WordPress LMS pour l\u2019\u00e9ducation, l\u2019apprentissage en ligne et les cours en ligne par StylemixThemes sur ThemeForest.","robots":{"index":"index","follow":"follow","max-snippet":"max-snippet:-1","max-image-preview":"max-image-preview:large","max-video-preview":"max-video-preview:-1"},"canonical":"https:\/\/vision-dz.com\/fr\/services\/volunteering\/","og_locale":"fr_FR","og_type":"article","og_title":"Volontariat","og_description":"Acheter Masterstudy Education - Th\u00e8me WordPress LMS pour l\u2019\u00e9ducation, l\u2019apprentissage en ligne et les cours en ligne par StylemixThemes sur ThemeForest.","og_url":"https:\/\/vision-dz.com\/fr\/services\/volunteering\/","og_site_name":"Vision DZ","article_modified_time":"2025-10-24T11:51:18+00:00","og_image":[{"url":"https:\/\/vision-dz.com\/wp-content\/uploads\/elementor\/thumbs\/Deutschkurs-C1.2-Berlin-1030x864-1-qsz9au9kl86bo5id317by1ebtcl7876qpur51igczu.jpg","type":"","width":"","height":""}],"twitter_card":"summary_large_image","twitter_misc":{"Dur\u00e9e de lecture estim\u00e9e":"5 minutes"},"schema":{"@context":"https:\/\/schema.org","@graph":[{"@type":"WebPage","@id":"https:\/\/vision-dz.com\/fr\/services\/volunteering\/","url":"https:\/\/vision-dz.com\/fr\/services\/volunteering\/","name":"Masterstudy Education - Th\u00e8me WordPress LMS pour l\u2019\u00e9ducation, l\u2019apprentissage en ligne.","isPartOf":{"@id":"https:\/\/vision-dz.com\/#website"},"datePublished":"2024-03-07T09:08:01+00:00","dateModified":"2025-10-24T11:51:18+00:00","description":"Acheter Masterstudy Education - Th\u00e8me WordPress LMS pour l\u2019\u00e9ducation, l\u2019apprentissage en ligne et les cours en ligne par StylemixThemes sur ThemeForest.","breadcrumb":{"@id":"https:\/\/vision-dz.com\/fr\/services\/volunteering\/#breadcrumb"},"inLanguage":"fr-FR","potentialAction":[{"@type":"ReadAction","target":["https:\/\/vision-dz.com\/fr\/services\/volunteering\/"]}]},{"@type":"BreadcrumbList","@id":"https:\/\/vision-dz.com\/fr\/services\/volunteering\/#breadcrumb","itemListElement":[{"@type":"ListItem","position":1,"name":"Home","item":"https:\/\/vision-dz.com\/fr\/une-page-nouveau\/"},{"@type":"ListItem","position":2,"name":"Services","item":"https:\/\/vision-dz.com\/fr\/services\/"},{"@type":"ListItem","position":3,"name":"Volontariat"}]},{"@type":"WebSite","@id":"https:\/\/vision-dz.com\/#website","url":"https:\/\/vision-dz.com\/","name":"Vision DZ","description":"Station of Motivation","publisher":{"@id":"https:\/\/vision-dz.com\/#organization"},"potentialAction":[{"@type":"SearchAction","target":{"@type":"EntryPoint","urlTemplate":"https:\/\/vision-dz.com\/?s={search_term_string}"},"query-input":{"@type":"PropertyValueSpecification","valueRequired":true,"valueName":"search_term_string"}}],"inLanguage":"fr-FR"},{"@type":"Organization","@id":"https:\/\/vision-dz.com\/#organization","name":"Vision DZ","url":"https:\/\/vision-dz.com\/","logo":{"@type":"ImageObject","inLanguage":"fr-FR","@id":"https:\/\/vision-dz.com\/#\/schema\/logo\/image\/","url":"https:\/\/vision-dz.com\/wp-content\/uploads\/2025\/11\/favicon.png","contentUrl":"https:\/\/vision-dz.com\/wp-content\/uploads\/2025\/11\/favicon.png","width":512,"height":512,"caption":"Vision DZ"},"image":{"@id":"https:\/\/vision-dz.com\/#\/schema\/logo\/image\/"}}]}},"_links":{"self":[{"href":"https:\/\/vision-dz.com\/fr\/wp-json\/wp\/v2\/pages\/7234"}],"collection":[{"href":"https:\/\/vision-dz.com\/fr\/wp-json\/wp\/v2\/pages"}],"about":[{"href":"https:\/\/vision-dz.com\/fr\/wp-json\/wp\/v2\/types\/page"}],"author":[{"embeddable":true,"href":"https:\/\/vision-dz.com\/fr\/wp-json\/wp\/v2\/users\/1"}],"replies":[{"embeddable":true,"href":"https:\/\/vision-dz.com\/fr\/wp-json\/wp\/v2\/comments?post=7234"}],"version-history":[{"count":1,"href":"https:\/\/vision-dz.com\/fr\/wp-json\/wp\/v2\/pages\/7234\/revisions"}],"predecessor-version":[{"id":21521,"href":"https:\/\/vision-dz.com\/fr\/wp-json\/wp\/v2\/pages\/7234\/revisions\/21521"}],"up":[{"embeddable":true,"href":"https:\/\/vision-dz.com\/fr\/wp-json\/wp\/v2\/pages\/7347"}],"wp:attachment":[{"href":"https:\/\/vision-dz.com\/fr\/wp-json\/wp\/v2\/media?parent=7234"}],"curies":[{"name":"wp","href":"https:\/\/api.w.org\/{rel}","templated":true}]}}