



{"id":7060,"date":"2024-03-06T13:39:28","date_gmt":"2024-03-06T13:39:28","guid":{"rendered":"https:\/\/dev.vision-dz.com\/gesundheitswesen\/"},"modified":"2025-11-04T14:47:15","modified_gmt":"2025-11-04T14:47:15","slug":"gesundheitswesen","status":"publish","type":"page","link":"https:\/\/vision-dz.com\/de\/dienste\/gesundheitswesen\/","title":{"rendered":"Gesundheitswesen"},"content":{"rendered":"\t\t<div data-elementor-type=\"wp-page\" data-elementor-id=\"7060\" class=\"elementor elementor-7060 elementor-6260\" data-elementor-post-type=\"page\">\n\t\t\t\t<div class=\"elementor-element elementor-element-345b17b e-con-full e-flex e-con e-parent\" data-id=\"345b17b\" data-element_type=\"container\" data-e-type=\"container\" data-settings=\"{&quot;background_background&quot;:&quot;classic&quot;}\">\n\t\t<div class=\"elementor-element elementor-element-5175870 e-flex e-con-boxed e-con e-child\" data-id=\"5175870\" data-element_type=\"container\" data-e-type=\"container\">\n\t\t\t\t\t<div class=\"e-con-inner\">\n\t\t<div class=\"elementor-element elementor-element-f89e9e5 e-flex e-con-boxed e-con e-child\" data-id=\"f89e9e5\" data-element_type=\"container\" data-e-type=\"container\">\n\t\t\t\t\t<div class=\"e-con-inner\">\n\t\t\t\t\t<\/div>\n\t\t\t\t<\/div>\n\t\t\t\t\t<\/div>\n\t\t\t\t<\/div>\n\t\t\t\t<\/div>\n\t\t<div class=\"elementor-element elementor-element-6a3aa0a e-flex e-con-boxed e-con e-parent\" data-id=\"6a3aa0a\" data-element_type=\"container\" data-e-type=\"container\">\n\t\t\t\t\t<div class=\"e-con-inner\">\n\t\t<div class=\"elementor-element elementor-element-901c1dd e-con-full e-flex e-con e-child\" data-id=\"901c1dd\" data-element_type=\"container\" data-e-type=\"container\">\n\t\t<div class=\"elementor-element elementor-element-3414117 e-con-full e-flex e-con e-child\" data-id=\"3414117\" data-element_type=\"container\" data-e-type=\"container\">\n\t\t\t\t<div class=\"elementor-element elementor-element-67b7767 elementor-widget elementor-widget-heading\" data-id=\"67b7767\" data-element_type=\"widget\" data-e-type=\"widget\" data-widget_type=\"heading.default\">\n\t\t\t\t<div class=\"elementor-widget-container\">\n\t\t\t\t\t<h2 class=\"elementor-heading-title elementor-size-default\">Karriere im Gesundheitswesen mit VISION<\/h2>\t\t\t\t<\/div>\n\t\t\t\t<\/div>\n\t\t\t\t<div class=\"elementor-element elementor-element-085955b lora elementor-widget elementor-widget-text-editor\" data-id=\"085955b\" data-element_type=\"widget\" data-e-type=\"widget\" data-widget_type=\"text-editor.default\">\n\t\t\t\t<div class=\"elementor-widget-container\">\n\t\t\t\t\t\t\t\t\t<p>Deutschland braucht dringend qualifizierte \u00c4rztinnen, \u00c4rzte und Pflegekr\u00e4fte \u2013 und VISION unterst\u00fctzt dich dabei, diesen Schritt zu gehen. Mit einem individuellen Ansatz bringen wir deine F\u00e4higkeiten und Ziele mit der passenden Einrichtung im Gesundheitswesen zusammen. Wir begleiten dich auf jedem Schritt \u2013 von der Bewerbung und Vermittlung bis hin zu Visum und Umzug \u2013 und das v\u00f6llig kostenlos f\u00fcr dich.<br>Werde Teil unseres Netzwerks, entwickle deine Karriere weiter und leiste einen echten Beitrag im Leben anderer Menschen.   <\/p>\t\t\t\t\t\t\t\t<\/div>\n\t\t\t\t<\/div>\n\t\t\t\t<div class=\"elementor-element elementor-element-823a8a8 elementor-widget elementor-widget-text-editor\" data-id=\"823a8a8\" data-element_type=\"widget\" data-e-type=\"widget\" data-widget_type=\"text-editor.default\">\n\t\t\t\t<div class=\"elementor-widget-container\">\n\t\t\t\t\t\t\t\t\t<h3>Werde Teil des Gesundheitswesens in Deutschland \u2013 bewirb dich noch heute!<\/h3>\t\t\t\t\t\t\t\t<\/div>\n\t\t\t\t<\/div>\n\t\t\t\t<div class=\"elementor-element elementor-element-70ab9785 elementor-widget elementor-widget-button\" data-id=\"70ab9785\" data-element_type=\"widget\" data-e-type=\"widget\" data-widget_type=\"button.default\">\n\t\t\t\t<div class=\"elementor-widget-container\">\n\t\t\t\t\t\t\t\t\t<div class=\"elementor-button-wrapper\">\n\t\t\t\t\t<a class=\"elementor-button elementor-button-link elementor-size-sm\" href=\"#elementor-action%3Aaction%3Dpopup%3Aopen%26settings%3DeyJpZCI6NzA1NSwidG9nZ2xlIjpmYWxzZX0%3D\">\n\t\t\t\t\t\t<span class=\"elementor-button-content-wrapper\">\n\t\t\t\t\t\t\t\t\t<span class=\"elementor-button-text\">Jetzt anmelden<\/span>\n\t\t\t\t\t<\/span>\n\t\t\t\t\t<\/a>\n\t\t\t\t<\/div>\n\t\t\t\t\t\t\t\t<\/div>\n\t\t\t\t<\/div>\n\t\t\t\t<\/div>\n\t\t\t\t<\/div>\n\t\t\t\t\t<\/div>\n\t\t\t\t<\/div>\n\t\t<div class=\"elementor-element elementor-element-2e562a7b e-con-full e-flex e-con e-child\" data-id=\"2e562a7b\" data-element_type=\"container\" data-e-type=\"container\" data-settings=\"{&quot;background_background&quot;:&quot;classic&quot;}\">\n\t\t<div class=\"elementor-element elementor-element-3e5ef9e6 e-con-full statistics e-flex e-con e-child\" data-id=\"3e5ef9e6\" data-element_type=\"container\" data-e-type=\"container\">\n\t\t\t\t<div class=\"elementor-element elementor-element-9f1355 elementor-widget__width-initial elementor-widget-mobile__width-inherit elementor-widget elementor-widget-counter\" data-id=\"9f1355\" data-element_type=\"widget\" data-e-type=\"widget\" data-widget_type=\"counter.default\">\n\t\t\t\t<div class=\"elementor-widget-container\">\n\t\t\t\t\t\t\t<div class=\"elementor-counter\">\n\t\t\t<div class=\"elementor-counter-title\">Stellen in Gesundheitseinrichtungen sind vakant.<\/div>\t\t\t<div class=\"elementor-counter-number-wrapper\">\n\t\t\t\t<span class=\"elementor-counter-number-prefix\">~<\/span>\n\t\t\t\t<span class=\"elementor-counter-number\" data-duration=\"2000\" data-to-value=\"36\" data-from-value=\"0\" data-delimiter=\",\">0<\/span>\n\t\t\t\t<span class=\"elementor-counter-number-suffix\"><\/span>\n\t\t\t<\/div>\n\t\t<\/div>\n\t\t\t\t\t\t<\/div>\n\t\t\t\t<\/div>\n\t\t\t\t<div class=\"elementor-element elementor-element-16e7d05a elementor-widget__width-initial elementor-widget-mobile__width-inherit elementor-widget elementor-widget-counter\" data-id=\"16e7d05a\" data-element_type=\"widget\" data-e-type=\"widget\" data-widget_type=\"counter.default\">\n\t\t\t\t<div class=\"elementor-widget-container\">\n\t\t\t\t\t\t\t<div class=\"elementor-counter\">\n\t\t\t<div class=\"elementor-counter-title\">Menschen arbeiten im Bereich der Pflege und Altenpflege.<\/div>\t\t\t<div class=\"elementor-counter-number-wrapper\">\n\t\t\t\t<span class=\"elementor-counter-number-prefix\"><\/span>\n\t\t\t\t<span class=\"elementor-counter-number\" data-duration=\"2000\" data-to-value=\"1.3\" data-from-value=\"0\" data-delimiter=\",\">0<\/span>\n\t\t\t\t<span class=\"elementor-counter-number-suffix\"> Mio<\/span>\n\t\t\t<\/div>\n\t\t<\/div>\n\t\t\t\t\t\t<\/div>\n\t\t\t\t<\/div>\n\t\t\t\t<\/div>\n\t\t\t\t<\/div>\n\t\t\t\t<\/div>\n\t\t","protected":false},"excerpt":{"rendered":"<p>Karriere im Gesundheitswesen mit VISION Deutschland braucht dringend qualifizierte \u00c4rztinnen, \u00c4rzte und Pflegekr\u00e4fte \u2013 und VISION unterst\u00fctzt dich dabei, diesen Schritt zu gehen. Mit einem individuellen Ansatz bringen wir deine F\u00e4higkeiten und Ziele mit der passenden Einrichtung im Gesundheitswesen zusammen. Wir begleiten dich auf jedem Schritt \u2013 von der Bewerbung und Vermittlung bis hin zu [&hellip;]<\/p>\n","protected":false},"author":1,"featured_media":0,"parent":7190,"menu_order":0,"comment_status":"closed","ping_status":"closed","template":"","meta":{"_bbp_topic_count":0,"_bbp_reply_count":0,"_bbp_total_topic_count":0,"_bbp_total_reply_count":0,"_bbp_voice_count":0,"_bbp_anonymous_reply_count":0,"_bbp_topic_count_hidden":0,"_bbp_reply_count_hidden":0,"_bbp_forum_subforum_count":0,"footnotes":""},"class_list":["post-7060","page","type-page","status-publish","hentry"],"yoast_head":"<!-- This site is optimized with the Yoast SEO Premium plugin v24.4 (Yoast SEO v24.4) - https:\/\/yoast.com\/wordpress\/plugins\/seo\/ -->\n<title>Masterstudy Education - LMS WordPress Theme f\u00fcr Bildung, eLearning.<\/title>\n<meta name=\"description\" content=\"Kaufen Sie Masterstudy Education - LMS WordPress Theme f\u00fcr Bildung, eLearning und Online-Kurse von StylemixThemes auf ThemeForest.\" \/>\n<meta name=\"robots\" content=\"index, follow, max-snippet:-1, max-image-preview:large, max-video-preview:-1\" \/>\n<link rel=\"canonical\" href=\"https:\/\/vision-dz.com\/de\/dienste\/gesundheitswesen\/\" \/>\n<meta property=\"og:locale\" content=\"de_DE\" \/>\n<meta property=\"og:type\" content=\"article\" \/>\n<meta property=\"og:title\" content=\"Gesundheitswesen\" \/>\n<meta property=\"og:description\" content=\"Kaufen Sie Masterstudy Education - LMS WordPress Theme f\u00fcr Bildung, eLearning und Online-Kurse von StylemixThemes auf ThemeForest.\" \/>\n<meta property=\"og:url\" content=\"https:\/\/vision-dz.com\/de\/dienste\/gesundheitswesen\/\" \/>\n<meta property=\"og:site_name\" content=\"Vision DZ\" \/>\n<meta property=\"article:modified_time\" content=\"2025-11-04T14:47:15+00:00\" \/>\n<meta property=\"og:image\" content=\"https:\/\/vision-dz.com\/wp-content\/uploads\/elementor\/thumbs\/Deutschkurs-C1.1-Berlin-1030x864-1-qsz99owo8ilphb6fsjbqwbu1oe91timjw61rxc5olm.jpg\" \/>\n<meta name=\"twitter:card\" content=\"summary_large_image\" \/>\n<meta name=\"twitter:label1\" content=\"Gesch\u00e4tzte Lesezeit\" \/>\n\t<meta name=\"twitter:data1\" content=\"1\u00a0Minute\" \/>\n<script type=\"application\/ld+json\" class=\"yoast-schema-graph\">{\"@context\":\"https:\/\/schema.org\",\"@graph\":[{\"@type\":\"WebPage\",\"@id\":\"https:\/\/vision-dz.com\/de\/dienste\/gesundheitswesen\/\",\"url\":\"https:\/\/vision-dz.com\/de\/dienste\/gesundheitswesen\/\",\"name\":\"Masterstudy Education - LMS WordPress Theme f\u00fcr Bildung, eLearning.\",\"isPartOf\":{\"@id\":\"https:\/\/vision-dz.com\/#website\"},\"datePublished\":\"2024-03-06T13:39:28+00:00\",\"dateModified\":\"2025-11-04T14:47:15+00:00\",\"description\":\"Kaufen Sie Masterstudy Education - LMS WordPress Theme f\u00fcr Bildung, eLearning und Online-Kurse von StylemixThemes auf ThemeForest.\",\"breadcrumb\":{\"@id\":\"https:\/\/vision-dz.com\/de\/dienste\/gesundheitswesen\/#breadcrumb\"},\"inLanguage\":\"de\",\"potentialAction\":[{\"@type\":\"ReadAction\",\"target\":[\"https:\/\/vision-dz.com\/de\/dienste\/gesundheitswesen\/\"]}]},{\"@type\":\"BreadcrumbList\",\"@id\":\"https:\/\/vision-dz.com\/de\/dienste\/gesundheitswesen\/#breadcrumb\",\"itemListElement\":[{\"@type\":\"ListItem\",\"position\":1,\"name\":\"Home\",\"item\":\"https:\/\/vision-dz.com\/de\/startseite-neu\/\"},{\"@type\":\"ListItem\",\"position\":2,\"name\":\"Services\",\"item\":\"https:\/\/vision-dz.com\/de\/dienste\/\"},{\"@type\":\"ListItem\",\"position\":3,\"name\":\"Gesundheitswesen\"}]},{\"@type\":\"WebSite\",\"@id\":\"https:\/\/vision-dz.com\/#website\",\"url\":\"https:\/\/vision-dz.com\/\",\"name\":\"Vision DZ\",\"description\":\"Station of Motivation\",\"publisher\":{\"@id\":\"https:\/\/vision-dz.com\/#organization\"},\"potentialAction\":[{\"@type\":\"SearchAction\",\"target\":{\"@type\":\"EntryPoint\",\"urlTemplate\":\"https:\/\/vision-dz.com\/?s={search_term_string}\"},\"query-input\":{\"@type\":\"PropertyValueSpecification\",\"valueRequired\":true,\"valueName\":\"search_term_string\"}}],\"inLanguage\":\"de\"},{\"@type\":\"Organization\",\"@id\":\"https:\/\/vision-dz.com\/#organization\",\"name\":\"Vision DZ\",\"url\":\"https:\/\/vision-dz.com\/\",\"logo\":{\"@type\":\"ImageObject\",\"inLanguage\":\"de\",\"@id\":\"https:\/\/vision-dz.com\/#\/schema\/logo\/image\/\",\"url\":\"https:\/\/vision-dz.com\/wp-content\/uploads\/2025\/11\/favicon.png\",\"contentUrl\":\"https:\/\/vision-dz.com\/wp-content\/uploads\/2025\/11\/favicon.png\",\"width\":512,\"height\":512,\"caption\":\"Vision DZ\"},\"image\":{\"@id\":\"https:\/\/vision-dz.com\/#\/schema\/logo\/image\/\"}}]}<\/script>\n<!-- \/ Yoast SEO Premium plugin. -->","yoast_head_json":{"title":"Masterstudy Education - LMS WordPress Theme f\u00fcr Bildung, eLearning.","description":"Kaufen Sie Masterstudy Education - LMS WordPress Theme f\u00fcr Bildung, eLearning und Online-Kurse von StylemixThemes auf ThemeForest.","robots":{"index":"index","follow":"follow","max-snippet":"max-snippet:-1","max-image-preview":"max-image-preview:large","max-video-preview":"max-video-preview:-1"},"canonical":"https:\/\/vision-dz.com\/de\/dienste\/gesundheitswesen\/","og_locale":"de_DE","og_type":"article","og_title":"Gesundheitswesen","og_description":"Kaufen Sie Masterstudy Education - LMS WordPress Theme f\u00fcr Bildung, eLearning und Online-Kurse von StylemixThemes auf ThemeForest.","og_url":"https:\/\/vision-dz.com\/de\/dienste\/gesundheitswesen\/","og_site_name":"Vision DZ","article_modified_time":"2025-11-04T14:47:15+00:00","og_image":[{"url":"https:\/\/vision-dz.com\/wp-content\/uploads\/elementor\/thumbs\/Deutschkurs-C1.1-Berlin-1030x864-1-qsz99owo8ilphb6fsjbqwbu1oe91timjw61rxc5olm.jpg","type":"","width":"","height":""}],"twitter_card":"summary_large_image","twitter_misc":{"Gesch\u00e4tzte Lesezeit":"1\u00a0Minute"},"schema":{"@context":"https:\/\/schema.org","@graph":[{"@type":"WebPage","@id":"https:\/\/vision-dz.com\/de\/dienste\/gesundheitswesen\/","url":"https:\/\/vision-dz.com\/de\/dienste\/gesundheitswesen\/","name":"Masterstudy Education - LMS WordPress Theme f\u00fcr Bildung, eLearning.","isPartOf":{"@id":"https:\/\/vision-dz.com\/#website"},"datePublished":"2024-03-06T13:39:28+00:00","dateModified":"2025-11-04T14:47:15+00:00","description":"Kaufen Sie Masterstudy Education - LMS WordPress Theme f\u00fcr Bildung, eLearning und Online-Kurse von StylemixThemes auf ThemeForest.","breadcrumb":{"@id":"https:\/\/vision-dz.com\/de\/dienste\/gesundheitswesen\/#breadcrumb"},"inLanguage":"de","potentialAction":[{"@type":"ReadAction","target":["https:\/\/vision-dz.com\/de\/dienste\/gesundheitswesen\/"]}]},{"@type":"BreadcrumbList","@id":"https:\/\/vision-dz.com\/de\/dienste\/gesundheitswesen\/#breadcrumb","itemListElement":[{"@type":"ListItem","position":1,"name":"Home","item":"https:\/\/vision-dz.com\/de\/startseite-neu\/"},{"@type":"ListItem","position":2,"name":"Services","item":"https:\/\/vision-dz.com\/de\/dienste\/"},{"@type":"ListItem","position":3,"name":"Gesundheitswesen"}]},{"@type":"WebSite","@id":"https:\/\/vision-dz.com\/#website","url":"https:\/\/vision-dz.com\/","name":"Vision DZ","description":"Station of Motivation","publisher":{"@id":"https:\/\/vision-dz.com\/#organization"},"potentialAction":[{"@type":"SearchAction","target":{"@type":"EntryPoint","urlTemplate":"https:\/\/vision-dz.com\/?s={search_term_string}"},"query-input":{"@type":"PropertyValueSpecification","valueRequired":true,"valueName":"search_term_string"}}],"inLanguage":"de"},{"@type":"Organization","@id":"https:\/\/vision-dz.com\/#organization","name":"Vision DZ","url":"https:\/\/vision-dz.com\/","logo":{"@type":"ImageObject","inLanguage":"de","@id":"https:\/\/vision-dz.com\/#\/schema\/logo\/image\/","url":"https:\/\/vision-dz.com\/wp-content\/uploads\/2025\/11\/favicon.png","contentUrl":"https:\/\/vision-dz.com\/wp-content\/uploads\/2025\/11\/favicon.png","width":512,"height":512,"caption":"Vision DZ"},"image":{"@id":"https:\/\/vision-dz.com\/#\/schema\/logo\/image\/"}}]}},"_links":{"self":[{"href":"https:\/\/vision-dz.com\/de\/wp-json\/wp\/v2\/pages\/7060"}],"collection":[{"href":"https:\/\/vision-dz.com\/de\/wp-json\/wp\/v2\/pages"}],"about":[{"href":"https:\/\/vision-dz.com\/de\/wp-json\/wp\/v2\/types\/page"}],"author":[{"embeddable":true,"href":"https:\/\/vision-dz.com\/de\/wp-json\/wp\/v2\/users\/1"}],"replies":[{"embeddable":true,"href":"https:\/\/vision-dz.com\/de\/wp-json\/wp\/v2\/comments?post=7060"}],"version-history":[{"count":6,"href":"https:\/\/vision-dz.com\/de\/wp-json\/wp\/v2\/pages\/7060\/revisions"}],"predecessor-version":[{"id":21671,"href":"https:\/\/vision-dz.com\/de\/wp-json\/wp\/v2\/pages\/7060\/revisions\/21671"}],"up":[{"embeddable":true,"href":"https:\/\/vision-dz.com\/de\/wp-json\/wp\/v2\/pages\/7190"}],"wp:attachment":[{"href":"https:\/\/vision-dz.com\/de\/wp-json\/wp\/v2\/media?parent=7060"}],"curies":[{"name":"wp","href":"https:\/\/api.w.org\/{rel}","templated":true}]}}