



{"id":6917,"date":"2024-03-06T12:23:10","date_gmt":"2024-03-06T12:23:10","guid":{"rendered":"https:\/\/dev.vision-dz.com\/arbeiten\/"},"modified":"2025-10-24T12:30:11","modified_gmt":"2025-10-24T12:30:11","slug":"arbeit","status":"publish","type":"page","link":"https:\/\/vision-dz.com\/de\/dienste\/arbeit\/","title":{"rendered":"Arbeit"},"content":{"rendered":"\t\t<div data-elementor-type=\"wp-page\" data-elementor-id=\"6917\" class=\"elementor elementor-6917 elementor-6236\" data-elementor-post-type=\"page\">\n\t\t\t\t<div class=\"elementor-element elementor-element-345b17b e-con-full e-flex e-con e-parent\" data-id=\"345b17b\" data-element_type=\"container\" data-e-type=\"container\" data-settings=\"{&quot;background_background&quot;:&quot;classic&quot;}\">\n\t\t<div class=\"elementor-element elementor-element-5175870 e-flex e-con-boxed e-con e-child\" data-id=\"5175870\" data-element_type=\"container\" data-e-type=\"container\">\n\t\t\t\t\t<div class=\"e-con-inner\">\n\t\t\t\t\t<\/div>\n\t\t\t\t<\/div>\n\t\t\t\t<\/div>\n\t\t<div class=\"elementor-element elementor-element-6a3aa0a e-flex e-con-boxed e-con e-parent\" data-id=\"6a3aa0a\" data-element_type=\"container\" data-e-type=\"container\">\n\t\t\t\t\t<div class=\"e-con-inner\">\n\t\t<div class=\"elementor-element elementor-element-586c56b e-con-full e-flex e-con e-child\" data-id=\"586c56b\" data-element_type=\"container\" data-e-type=\"container\">\n\t\t\t\t<\/div>\n\t\t<div class=\"elementor-element elementor-element-901c1dd e-con-full e-flex e-con e-child\" data-id=\"901c1dd\" data-element_type=\"container\" data-e-type=\"container\">\n\t\t<div class=\"elementor-element elementor-element-3414117 e-con-full e-flex e-con e-child\" data-id=\"3414117\" data-element_type=\"container\" data-e-type=\"container\">\n\t\t\t\t<div class=\"elementor-element elementor-element-67b7767 elementor-widget elementor-widget-heading\" data-id=\"67b7767\" data-element_type=\"widget\" data-e-type=\"widget\" data-widget_type=\"heading.default\">\n\t\t\t\t<div class=\"elementor-widget-container\">\n\t\t\t\t\t<h2 class=\"elementor-heading-title elementor-size-default\">Arbeiten. Wachsen. Erfolgreich sein.  <\/h2>\t\t\t\t<\/div>\n\t\t\t\t<\/div>\n\t\t\t\t<div class=\"elementor-element elementor-element-085955b lora elementor-widget elementor-widget-text-editor\" data-id=\"085955b\" data-element_type=\"widget\" data-e-type=\"widget\" data-widget_type=\"text-editor.default\">\n\t\t\t\t<div class=\"elementor-widget-container\">\n\t\t\t\t\t\t\t\t\t<p>Gestalte deine Zukunft in Deutschland \u2013 einem Land, in dem Ehrgeiz auf Chancen trifft. Ob in der Pflege, IT, Technik oder Forschung \u2013 qualifizierte Fachkr\u00e4fte sind hier herzlich willkommen. Ganz egal, ob du am Anfang deiner Karriere stehst oder den n\u00e4chsten Schritt gehen willst: Deutschland bietet dir Stabilit\u00e4t, Anerkennung und Wachstum f\u00fcr eine starke berufliche Zukunft.  <\/p>\t\t\t\t\t\t\t\t<\/div>\n\t\t\t\t<\/div>\n\t\t\t\t<div class=\"elementor-element elementor-element-1553264 elementor-widget__width-inherit elementor-widget elementor-widget-text-editor\" data-id=\"1553264\" data-element_type=\"widget\" data-e-type=\"widget\" data-widget_type=\"text-editor.default\">\n\t\t\t\t<div class=\"elementor-widget-container\">\n\t\t\t\t\t\t\t\t\t<h3>F\u00f6rdere deine Karriere in Deutschland \u2013 melde dich noch heute an und \u00f6ffne neue T\u00fcren.<\/h3>\t\t\t\t\t\t\t\t<\/div>\n\t\t\t\t<\/div>\n\t\t\t\t<div class=\"elementor-element elementor-element-c8dd532 elementor-align-left elementor-widget elementor-widget-button\" data-id=\"c8dd532\" data-element_type=\"widget\" data-e-type=\"widget\" data-widget_type=\"button.default\">\n\t\t\t\t<div class=\"elementor-widget-container\">\n\t\t\t\t\t\t\t\t\t<div class=\"elementor-button-wrapper\">\n\t\t\t\t\t<a class=\"elementor-button elementor-button-link elementor-size-sm\" href=\"#elementor-action%3Aaction%3Dpopup%3Aopen%26settings%3DeyJpZCI6NzU4NSwidG9nZ2xlIjpmYWxzZX0%3D\">\n\t\t\t\t\t\t<span class=\"elementor-button-content-wrapper\">\n\t\t\t\t\t\t\t\t\t<span class=\"elementor-button-text\">Jetzt anmelden<\/span>\n\t\t\t\t\t<\/span>\n\t\t\t\t\t<\/a>\n\t\t\t\t<\/div>\n\t\t\t\t\t\t\t\t<\/div>\n\t\t\t\t<\/div>\n\t\t\t\t<\/div>\n\t\t\t\t<\/div>\n\t\t\t\t\t<\/div>\n\t\t\t\t<\/div>\n\t\t\t\t<\/div>\n\t\t","protected":false},"excerpt":{"rendered":"<p>Arbeiten. Wachsen. Erfolgreich sein. Gestalte deine Zukunft in Deutschland \u2013 einem Land, in dem Ehrgeiz auf Chancen trifft. Ob in der Pflege, IT, Technik oder Forschung \u2013 qualifizierte Fachkr\u00e4fte sind hier herzlich willkommen. Ganz egal, ob du am Anfang deiner Karriere stehst oder den n\u00e4chsten Schritt gehen willst: Deutschland bietet dir Stabilit\u00e4t, Anerkennung und Wachstum [&hellip;]<\/p>\n","protected":false},"author":1,"featured_media":0,"parent":7190,"menu_order":0,"comment_status":"closed","ping_status":"closed","template":"elementor_header_footer","meta":{"_bbp_topic_count":0,"_bbp_reply_count":0,"_bbp_total_topic_count":0,"_bbp_total_reply_count":0,"_bbp_voice_count":0,"_bbp_anonymous_reply_count":0,"_bbp_topic_count_hidden":0,"_bbp_reply_count_hidden":0,"_bbp_forum_subforum_count":0,"footnotes":""},"class_list":["post-6917","page","type-page","status-publish","hentry"],"yoast_head":"<!-- This site is optimized with the Yoast SEO Premium plugin v24.4 (Yoast SEO v24.4) - https:\/\/yoast.com\/wordpress\/plugins\/seo\/ -->\n<title>Masterstudy Education - LMS WordPress Theme f\u00fcr Bildung, eLearning.<\/title>\n<meta name=\"description\" content=\"Kaufen Sie Masterstudy Education - LMS WordPress Theme f\u00fcr Bildung, eLearning und Online-Kurse von StylemixThemes auf ThemeForest.\" \/>\n<meta name=\"robots\" content=\"index, follow, max-snippet:-1, max-image-preview:large, max-video-preview:-1\" \/>\n<link rel=\"canonical\" href=\"https:\/\/vision-dz.com\/de\/dienste\/arbeit\/\" \/>\n<meta property=\"og:locale\" content=\"de_DE\" \/>\n<meta property=\"og:type\" content=\"article\" \/>\n<meta property=\"og:title\" content=\"Arbeit\" \/>\n<meta property=\"og:description\" content=\"Kaufen Sie Masterstudy Education - LMS WordPress Theme f\u00fcr Bildung, eLearning und Online-Kurse von StylemixThemes auf ThemeForest.\" \/>\n<meta property=\"og:url\" content=\"https:\/\/vision-dz.com\/de\/dienste\/arbeit\/\" \/>\n<meta property=\"og:site_name\" content=\"Vision DZ\" \/>\n<meta property=\"article:modified_time\" content=\"2025-10-24T12:30:11+00:00\" \/>\n<meta property=\"og:image\" content=\"https:\/\/vision-dz.com\/wp-content\/uploads\/elementor\/thumbs\/A2-qszeyf56sgv07rsrbj5gh5zbin63c8dvphbzvylrd6.jpg\" \/>\n<meta name=\"twitter:card\" content=\"summary_large_image\" \/>\n<script type=\"application\/ld+json\" class=\"yoast-schema-graph\">{\"@context\":\"https:\/\/schema.org\",\"@graph\":[{\"@type\":\"WebPage\",\"@id\":\"https:\/\/vision-dz.com\/de\/dienste\/arbeit\/\",\"url\":\"https:\/\/vision-dz.com\/de\/dienste\/arbeit\/\",\"name\":\"Masterstudy Education - LMS WordPress Theme f\u00fcr Bildung, eLearning.\",\"isPartOf\":{\"@id\":\"https:\/\/vision-dz.com\/#website\"},\"datePublished\":\"2024-03-06T12:23:10+00:00\",\"dateModified\":\"2025-10-24T12:30:11+00:00\",\"description\":\"Kaufen Sie Masterstudy Education - LMS WordPress Theme f\u00fcr Bildung, eLearning und Online-Kurse von StylemixThemes auf ThemeForest.\",\"breadcrumb\":{\"@id\":\"https:\/\/vision-dz.com\/de\/dienste\/arbeit\/#breadcrumb\"},\"inLanguage\":\"de\",\"potentialAction\":[{\"@type\":\"ReadAction\",\"target\":[\"https:\/\/vision-dz.com\/de\/dienste\/arbeit\/\"]}]},{\"@type\":\"BreadcrumbList\",\"@id\":\"https:\/\/vision-dz.com\/de\/dienste\/arbeit\/#breadcrumb\",\"itemListElement\":[{\"@type\":\"ListItem\",\"position\":1,\"name\":\"Home\",\"item\":\"https:\/\/vision-dz.com\/de\/startseite-neu\/\"},{\"@type\":\"ListItem\",\"position\":2,\"name\":\"Services\",\"item\":\"https:\/\/vision-dz.com\/de\/dienste\/\"},{\"@type\":\"ListItem\",\"position\":3,\"name\":\"Arbeit\"}]},{\"@type\":\"WebSite\",\"@id\":\"https:\/\/vision-dz.com\/#website\",\"url\":\"https:\/\/vision-dz.com\/\",\"name\":\"Vision DZ\",\"description\":\"Station of Motivation\",\"publisher\":{\"@id\":\"https:\/\/vision-dz.com\/#organization\"},\"potentialAction\":[{\"@type\":\"SearchAction\",\"target\":{\"@type\":\"EntryPoint\",\"urlTemplate\":\"https:\/\/vision-dz.com\/?s={search_term_string}\"},\"query-input\":{\"@type\":\"PropertyValueSpecification\",\"valueRequired\":true,\"valueName\":\"search_term_string\"}}],\"inLanguage\":\"de\"},{\"@type\":\"Organization\",\"@id\":\"https:\/\/vision-dz.com\/#organization\",\"name\":\"Vision DZ\",\"url\":\"https:\/\/vision-dz.com\/\",\"logo\":{\"@type\":\"ImageObject\",\"inLanguage\":\"de\",\"@id\":\"https:\/\/vision-dz.com\/#\/schema\/logo\/image\/\",\"url\":\"https:\/\/vision-dz.com\/wp-content\/uploads\/2025\/11\/favicon.png\",\"contentUrl\":\"https:\/\/vision-dz.com\/wp-content\/uploads\/2025\/11\/favicon.png\",\"width\":512,\"height\":512,\"caption\":\"Vision DZ\"},\"image\":{\"@id\":\"https:\/\/vision-dz.com\/#\/schema\/logo\/image\/\"}}]}<\/script>\n<!-- \/ Yoast SEO Premium plugin. -->","yoast_head_json":{"title":"Masterstudy Education - LMS WordPress Theme f\u00fcr Bildung, eLearning.","description":"Kaufen Sie Masterstudy Education - LMS WordPress Theme f\u00fcr Bildung, eLearning und Online-Kurse von StylemixThemes auf ThemeForest.","robots":{"index":"index","follow":"follow","max-snippet":"max-snippet:-1","max-image-preview":"max-image-preview:large","max-video-preview":"max-video-preview:-1"},"canonical":"https:\/\/vision-dz.com\/de\/dienste\/arbeit\/","og_locale":"de_DE","og_type":"article","og_title":"Arbeit","og_description":"Kaufen Sie Masterstudy Education - LMS WordPress Theme f\u00fcr Bildung, eLearning und Online-Kurse von StylemixThemes auf ThemeForest.","og_url":"https:\/\/vision-dz.com\/de\/dienste\/arbeit\/","og_site_name":"Vision DZ","article_modified_time":"2025-10-24T12:30:11+00:00","og_image":[{"url":"https:\/\/vision-dz.com\/wp-content\/uploads\/elementor\/thumbs\/A2-qszeyf56sgv07rsrbj5gh5zbin63c8dvphbzvylrd6.jpg","type":"","width":"","height":""}],"twitter_card":"summary_large_image","schema":{"@context":"https:\/\/schema.org","@graph":[{"@type":"WebPage","@id":"https:\/\/vision-dz.com\/de\/dienste\/arbeit\/","url":"https:\/\/vision-dz.com\/de\/dienste\/arbeit\/","name":"Masterstudy Education - LMS WordPress Theme f\u00fcr Bildung, eLearning.","isPartOf":{"@id":"https:\/\/vision-dz.com\/#website"},"datePublished":"2024-03-06T12:23:10+00:00","dateModified":"2025-10-24T12:30:11+00:00","description":"Kaufen Sie Masterstudy Education - LMS WordPress Theme f\u00fcr Bildung, eLearning und Online-Kurse von StylemixThemes auf ThemeForest.","breadcrumb":{"@id":"https:\/\/vision-dz.com\/de\/dienste\/arbeit\/#breadcrumb"},"inLanguage":"de","potentialAction":[{"@type":"ReadAction","target":["https:\/\/vision-dz.com\/de\/dienste\/arbeit\/"]}]},{"@type":"BreadcrumbList","@id":"https:\/\/vision-dz.com\/de\/dienste\/arbeit\/#breadcrumb","itemListElement":[{"@type":"ListItem","position":1,"name":"Home","item":"https:\/\/vision-dz.com\/de\/startseite-neu\/"},{"@type":"ListItem","position":2,"name":"Services","item":"https:\/\/vision-dz.com\/de\/dienste\/"},{"@type":"ListItem","position":3,"name":"Arbeit"}]},{"@type":"WebSite","@id":"https:\/\/vision-dz.com\/#website","url":"https:\/\/vision-dz.com\/","name":"Vision DZ","description":"Station of Motivation","publisher":{"@id":"https:\/\/vision-dz.com\/#organization"},"potentialAction":[{"@type":"SearchAction","target":{"@type":"EntryPoint","urlTemplate":"https:\/\/vision-dz.com\/?s={search_term_string}"},"query-input":{"@type":"PropertyValueSpecification","valueRequired":true,"valueName":"search_term_string"}}],"inLanguage":"de"},{"@type":"Organization","@id":"https:\/\/vision-dz.com\/#organization","name":"Vision DZ","url":"https:\/\/vision-dz.com\/","logo":{"@type":"ImageObject","inLanguage":"de","@id":"https:\/\/vision-dz.com\/#\/schema\/logo\/image\/","url":"https:\/\/vision-dz.com\/wp-content\/uploads\/2025\/11\/favicon.png","contentUrl":"https:\/\/vision-dz.com\/wp-content\/uploads\/2025\/11\/favicon.png","width":512,"height":512,"caption":"Vision DZ"},"image":{"@id":"https:\/\/vision-dz.com\/#\/schema\/logo\/image\/"}}]}},"_links":{"self":[{"href":"https:\/\/vision-dz.com\/de\/wp-json\/wp\/v2\/pages\/6917"}],"collection":[{"href":"https:\/\/vision-dz.com\/de\/wp-json\/wp\/v2\/pages"}],"about":[{"href":"https:\/\/vision-dz.com\/de\/wp-json\/wp\/v2\/types\/page"}],"author":[{"embeddable":true,"href":"https:\/\/vision-dz.com\/de\/wp-json\/wp\/v2\/users\/1"}],"replies":[{"embeddable":true,"href":"https:\/\/vision-dz.com\/de\/wp-json\/wp\/v2\/comments?post=6917"}],"version-history":[{"count":5,"href":"https:\/\/vision-dz.com\/de\/wp-json\/wp\/v2\/pages\/6917\/revisions"}],"predecessor-version":[{"id":21544,"href":"https:\/\/vision-dz.com\/de\/wp-json\/wp\/v2\/pages\/6917\/revisions\/21544"}],"up":[{"embeddable":true,"href":"https:\/\/vision-dz.com\/de\/wp-json\/wp\/v2\/pages\/7190"}],"wp:attachment":[{"href":"https:\/\/vision-dz.com\/de\/wp-json\/wp\/v2\/media?parent=6917"}],"curies":[{"name":"wp","href":"https:\/\/api.w.org\/{rel}","templated":true}]}}