



{"id":6906,"date":"2015-07-02T05:10:48","date_gmt":"2015-07-02T05:10:48","guid":{"rendered":"https:\/\/dev.vision-dz.com\/ueber-uns\/"},"modified":"2025-10-16T12:48:17","modified_gmt":"2025-10-16T12:48:17","slug":"uber-uns","status":"publish","type":"page","link":"https:\/\/vision-dz.com\/de\/uber-uns\/","title":{"rendered":"\u00dcber uns"},"content":{"rendered":"\t\t<div data-elementor-type=\"wp-page\" data-elementor-id=\"6906\" class=\"elementor elementor-6906 elementor-889\" data-elementor-post-type=\"page\">\n\t\t\t\t<div class=\"elementor-element elementor-element-a098b66 e-flex e-con-boxed e-con e-parent\" data-id=\"a098b66\" data-element_type=\"container\" data-e-type=\"container\">\n\t\t\t\t\t<div class=\"e-con-inner\">\n\t\t<div class=\"elementor-element elementor-element-5f79e18 e-flex e-con-boxed e-con e-child\" data-id=\"5f79e18\" data-element_type=\"container\" data-e-type=\"container\">\n\t\t\t\t\t<div class=\"e-con-inner\">\n\t\t\t\t<div class=\"elementor-element elementor-element-a13d510 elementor-widget elementor-widget-heading\" data-id=\"a13d510\" data-element_type=\"widget\" data-e-type=\"widget\" data-widget_type=\"heading.default\">\n\t\t\t\t<div class=\"elementor-widget-container\">\n\t\t\t\t\t<h2 class=\"elementor-heading-title elementor-size-default\">\u00dcber uns \u2013 VISION<\/h2>\t\t\t\t<\/div>\n\t\t\t\t<\/div>\n\t\t\t\t\t<\/div>\n\t\t\t\t<\/div>\n\t\t\t\t\t<\/div>\n\t\t\t\t<\/div>\n\t\t<div class=\"elementor-element elementor-element-c06e995 e-flex e-con-boxed e-con e-parent\" data-id=\"c06e995\" data-element_type=\"container\" data-e-type=\"container\" data-settings=\"{&quot;background_background&quot;:&quot;classic&quot;}\">\n\t\t\t\t\t<div class=\"e-con-inner\">\n\t\t<div class=\"elementor-element elementor-element-d0351e3 e-con-full e-flex e-con e-child\" data-id=\"d0351e3\" data-element_type=\"container\" data-e-type=\"container\">\n\t\t\t\t<div class=\"elementor-element elementor-element-c863a99 elementor-widget elementor-widget-text-editor\" data-id=\"c863a99\" data-element_type=\"widget\" data-e-type=\"widget\" data-widget_type=\"text-editor.default\">\n\t\t\t\t<div class=\"elementor-widget-container\">\n\t\t\t\t\t\t\t\t\t<p>Bei VISION erm\u00f6glichen wir, motivierten Menschen aus aller Welt den Weg nach Deutschland zu er\u00f6ffnen. Unser erfahrenes Team kennt jeden Schritt des Prozesses \u2013 von den Visabestimmungen bis hin zum Umzug \u2013 und bietet dir eine pers\u00f6nliche Betreuung, die auf deine Ziele abgestimmt ist.<br>Zus\u00e4tzlich vermitteln wir dir in unseren Deutschkursen die sprachlichen F\u00e4higkeiten, die du f\u00fcr deinen Erfolg brauchst. Ob f\u00fcr Arbeit, Ausbildung, Freiwilligendienst oder Studium \u2013 wir begleiten dich von Anfang bis Ende mit professioneller Beratung, verl\u00e4sslichen Informationen und praktischen L\u00f6sungen.   <\/p>\t\t\t\t\t\t\t\t<\/div>\n\t\t\t\t<\/div>\n\t\t\t\t<div class=\"elementor-element elementor-element-5d8c2a9 elementor-widget elementor-widget-text-editor\" data-id=\"5d8c2a9\" data-element_type=\"widget\" data-e-type=\"widget\" data-widget_type=\"text-editor.default\">\n\t\t\t\t<div class=\"elementor-widget-container\">\n\t\t\t\t\t\t\t\t\t<h2>Unsere Mission<\/h2><p>Wir setzen alles daran, deine Reise so reibungslos und erfolgreich wie m\u00f6glich zu gestalten. Durch die Vereinfachung von Abl\u00e4ufen, aktuelle Kenntnisse der gesetzlichen Vorgaben und eine proaktive Kommunikation sorgen wir f\u00fcr schnelle Bearbeitungszeiten.<br>\u00dcber das Visum hinaus bieten wir zus\u00e4tzliche Unterst\u00fctzung wie Hilfe bei der Wohnungssuche, Unterst\u00fctzung beim Umzug und kulturelle Orientierung \u2013 denn dein Erfolg in Deutschland ist mehr als nur Papierkram.  <\/p>\t\t\t\t\t\t\t\t<\/div>\n\t\t\t\t<\/div>\n\t\t\t\t<div class=\"elementor-element elementor-element-f69337f elementor-widget elementor-widget-text-editor\" data-id=\"f69337f\" data-element_type=\"widget\" data-e-type=\"widget\" data-widget_type=\"text-editor.default\">\n\t\t\t\t<div class=\"elementor-widget-container\">\n\t\t\t\t\t\t\t\t\t<h2>Unsere Werte<\/h2><ul><li><b><\/b><b>Individuelle Betreuung<\/b>: Jede Person ist einzigartig, und unsere L\u00f6sungen sind es auch.<\/li><li><b><\/b><b>Professionalit\u00e4t:<\/b> Ein zuverl\u00e4ssiges Team, das dich auf jedem Schritt begleitet.<\/li><li><b><\/b><b>Verl\u00e4sslichkeit:<\/b> Engagierte Unterst\u00fctzung, wann immer du sie brauchst.<\/li><\/ul>\t\t\t\t\t\t\t\t<\/div>\n\t\t\t\t<\/div>\n\t\t\t\t<div class=\"elementor-element elementor-element-b4992cc elementor-widget elementor-widget-text-editor\" data-id=\"b4992cc\" data-element_type=\"widget\" data-e-type=\"widget\" data-widget_type=\"text-editor.default\">\n\t\t\t\t<div class=\"elementor-widget-container\">\n\t\t\t\t\t\t\t\t\t<h3>Unsere Leitung \u2013 VISION Career<\/h3><p>Unser Team wird von Boubakeur Essedik Djoudi, dem Gr\u00fcnder von VISION, geleitet und ist sowohl in Algier als auch in Berlin ans\u00e4ssig. Als Absolvent der Universit\u00e4t Magdeburg im Fach International Business &amp; Economics bringt er umfangreiche Erfahrung in den Bereichen Bildung, Migration und internationale Fachkr\u00e4ftevermittlung mit. Unter seiner Leitung wird der Weg jedes einzelnen Kandidaten nach Deutschland mit Fachkompetenz, Sorgfalt und einem tiefen Verst\u00e4ndnis f\u00fcr den gesamten Prozess begleitet.  <\/p>\t\t\t\t\t\t\t\t<\/div>\n\t\t\t\t<\/div>\n\t\t\t\t<div class=\"elementor-element elementor-element-2694395 elementor-widget elementor-widget-text-editor\" data-id=\"2694395\" data-element_type=\"widget\" data-e-type=\"widget\" data-widget_type=\"text-editor.default\">\n\t\t\t\t<div class=\"elementor-widget-container\">\n\t\t\t\t\t\t\t\t\t<h3>Unser Team<\/h3><p>Von Ihrer ersten Bewerbung bis hin zur erfolgreichen Integration in Deutschland steht Ihnen unser Beratungsteam in jedem Schritt zur Seite. Wir pflegen enge Partnerschaften mit deutschen Unternehmen, bieten professionelles Bewerbungstraining, unterst\u00fctzen Sie bei der Vorbereitung und Einreichung Ihrer Visumsunterlagen und helfen Ihnen, attraktive Besch\u00e4ftigungsm\u00f6glichkeiten in Deutschland zu finden. Unser Ziel ist es, Ihren \u00dcbergang so reibungslos und erfolgreich wie m\u00f6glich zu gestalten.  <\/p>\t\t\t\t\t\t\t\t<\/div>\n\t\t\t\t<\/div>\n\t\t\t\t<div class=\"elementor-element elementor-element-55f5218 elementor-widget elementor-widget-text-editor\" data-id=\"55f5218\" data-element_type=\"widget\" data-e-type=\"widget\" data-widget_type=\"text-editor.default\">\n\t\t\t\t<div class=\"elementor-widget-container\">\n\t\t\t\t\t\t\t\t\t<h3>Unser Lehrpersonal<\/h3><p>Unsere Deutschkurse werden von hochqualifizierten Lehrkr\u00e4ften mit muttersprachlichen Kenntnissen und Expertise in modernen europ\u00e4ischen Unterrichtsmethoden durchgef\u00fchrt. Da sie selbst in Deutschland gelebt haben, vermitteln sie nicht nur die Sprache, sondern auch Kultur, Traditionen und den Alltag. So helfen sie Ihnen, sich sicher und gut vorbereitet auf Ihr neues Kapitel in Deutschland zu f\u00fchlen. <\/p>\t\t\t\t\t\t\t\t<\/div>\n\t\t\t\t<\/div>\n\t\t\t\t<\/div>\n\t\t<div class=\"elementor-element elementor-element-48f98c1 e-con-full e-flex e-con e-child\" data-id=\"48f98c1\" data-element_type=\"container\" data-e-type=\"container\">\n\t\t\t\t<div class=\"elementor-element elementor-element-48485f0 elementor-widget elementor-widget-image\" data-id=\"48485f0\" data-element_type=\"widget\" data-e-type=\"widget\" data-widget_type=\"image.default\">\n\t\t\t\t<div class=\"elementor-widget-container\">\n\t\t\t\t\t\t\t\t\t\t\t\t\t\t\t<img fetchpriority=\"high\" decoding=\"async\" width=\"1024\" height=\"682\" src=\"https:\/\/vision-dz.com\/wp-content\/uploads\/2024\/06\/photo_2024-06-10-13.46.22-1024x682.jpeg\" class=\"attachment-large size-large wp-image-8197\" alt=\"\" srcset=\"https:\/\/vision-dz.com\/wp-content\/uploads\/2024\/06\/photo_2024-06-10-13.46.22-1024x682.jpeg 1024w, https:\/\/vision-dz.com\/wp-content\/uploads\/2024\/06\/photo_2024-06-10-13.46.22-300x200.jpeg 300w, https:\/\/vision-dz.com\/wp-content\/uploads\/2024\/06\/photo_2024-06-10-13.46.22-768x512.jpeg 768w, https:\/\/vision-dz.com\/wp-content\/uploads\/2024\/06\/photo_2024-06-10-13.46.22-270x180.jpeg 270w, https:\/\/vision-dz.com\/wp-content\/uploads\/2024\/06\/photo_2024-06-10-13.46.22-600x400.jpeg 600w, https:\/\/vision-dz.com\/wp-content\/uploads\/2024\/06\/photo_2024-06-10-13.46.22.jpeg 1280w\" sizes=\"(max-width: 1024px) 100vw, 1024px\" \/>\t\t\t\t\t\t\t\t\t\t\t\t\t\t\t<\/div>\n\t\t\t\t<\/div>\n\t\t\t\t<div class=\"elementor-element elementor-element-860248c elementor-tabs-view-horizontal elementor-widget elementor-widget-tabs\" data-id=\"860248c\" data-element_type=\"widget\" data-e-type=\"widget\" data-widget_type=\"tabs.default\">\n\t\t\t\t<div class=\"elementor-widget-container\">\n\t\t\t\t\t\t\t<div class=\"elementor-tabs\">\n\t\t\t<div class=\"elementor-tabs-wrapper\" role=\"tablist\" >\n\t\t\t\t\t\t\t\t\t<div id=\"elementor-tab-title-1401\" class=\"elementor-tab-title elementor-tab-desktop-title\" aria-selected=\"true\" data-tab=\"1\" role=\"tab\" tabindex=\"0\" aria-controls=\"elementor-tab-content-1401\" aria-expanded=\"false\">Wir bieten<\/div>\n\t\t\t\t\t\t\t\t\t<div id=\"elementor-tab-title-1402\" class=\"elementor-tab-title elementor-tab-desktop-title\" aria-selected=\"false\" data-tab=\"2\" role=\"tab\" tabindex=\"-1\" aria-controls=\"elementor-tab-content-1402\" aria-expanded=\"false\">Nachricht senden<\/div>\n\t\t\t\t\t\t\t<\/div>\n\t\t\t<div class=\"elementor-tabs-content-wrapper\" role=\"tablist\" aria-orientation=\"vertical\">\n\t\t\t\t\t\t\t\t\t<div class=\"elementor-tab-title elementor-tab-mobile-title\" aria-selected=\"true\" data-tab=\"1\" role=\"tab\" tabindex=\"0\" aria-controls=\"elementor-tab-content-1401\" aria-expanded=\"false\">Wir bieten<\/div>\n\t\t\t\t\t<div id=\"elementor-tab-content-1401\" class=\"elementor-tab-content elementor-clearfix\" data-tab=\"1\" role=\"tabpanel\" aria-labelledby=\"elementor-tab-title-1401\" tabindex=\"0\" hidden=\"false\"><h4>Vision bietet:<\/h4>\n<ul>\n<li>Online und vor Ort Deutsch lernen<\/li>\n<li>Visa- und Einwanderungsunterst\u00fctzung<\/li>\n<li>Arbeitsvermittlungsdienste<\/li>\n<li>Schulungsprogramme ( Sprache, Beruf, Kompetenzentwicklung)<\/li>\n<li>Bildungsberatung (Studienbewerbung, Stipendienm\u00f6glichkeiten)<\/li>\n<li>Unterkunftshilfe<\/li>\n<li>Kulturelle Orientierung und Integrationsunterst\u00fctzung<\/li>\n<li>M\u00f6glichkeiten zur Freiwilligenarbeit<\/li>\n<li>Rechtliche und administrative Unterst\u00fctzung<\/li>\n<li>Networking und Community-Aufbau<\/li>\n<li>Laufende Unterst\u00fctzung und Nachverfolgung<\/li>\n<\/ul>\n<\/div>\n\t\t\t\t\t\t\t\t\t<div class=\"elementor-tab-title elementor-tab-mobile-title\" aria-selected=\"false\" data-tab=\"2\" role=\"tab\" tabindex=\"-1\" aria-controls=\"elementor-tab-content-1402\" aria-expanded=\"false\">Nachricht senden<\/div>\n\t\t\t\t\t<div id=\"elementor-tab-content-1402\" class=\"elementor-tab-content elementor-clearfix\" data-tab=\"2\" role=\"tabpanel\" aria-labelledby=\"elementor-tab-title-1402\" tabindex=\"0\" hidden=\"hidden\"><p>\n<div class=\"wpcf7 no-js\" id=\"wpcf7-f817-o1\" lang=\"en-US\" dir=\"ltr\" data-wpcf7-id=\"817\">\n<div class=\"screen-reader-response\"><p role=\"status\" aria-live=\"polite\" aria-atomic=\"true\"><\/p> <ul><\/ul><\/div>\n<form action=\"\/de\/wp-json\/wp\/v2\/pages\/6906#wpcf7-f817-o1\" method=\"post\" class=\"wpcf7-form init\" aria-label=\"Contact form\" novalidate=\"novalidate\" data-status=\"init\">\n<div style=\"display: none;\">\n<input type=\"hidden\" name=\"_wpcf7\" value=\"817\" \/>\n<input type=\"hidden\" name=\"_wpcf7_version\" value=\"6.0.6\" \/>\n<input type=\"hidden\" name=\"_wpcf7_locale\" value=\"en_US\" \/>\n<input type=\"hidden\" name=\"_wpcf7_unit_tag\" value=\"wpcf7-f817-o1\" \/>\n<input type=\"hidden\" name=\"_wpcf7_container_post\" value=\"0\" \/>\n<input type=\"hidden\" name=\"_wpcf7_posted_data_hash\" value=\"\" \/>\n<\/div>\n<div class=\"row\">\n\t<div class=\"col-xs-12 col-sm-6 col-md-6 col-lg-6\">\n\t\t<div class=\"form-group\">\n\t\t\t<h3>Your Name\n\t\t\t<\/h3>\n\t\t\t<p><span class=\"wpcf7-form-control-wrap\" data-name=\"myname\"><input size=\"40\" maxlength=\"400\" class=\"wpcf7-form-control wpcf7-text wpcf7-validates-as-required form-control\" aria-required=\"true\" aria-invalid=\"false\" placeholder=\"Your Name\" value=\"\" type=\"text\" name=\"myname\" \/><\/span>\n\t\t\t<\/p>\n\t\t<\/div>\n\t<\/div>\n\t<div class=\"col-xs-12 col-sm-6 col-md-6 col-lg-6\">\n\t\t<div class=\"form-group\">\n\t\t\t<h3>Your Email Adress\n\t\t\t<\/h3>\n\t\t\t<p><span class=\"wpcf7-form-control-wrap\" data-name=\"email\"><input size=\"40\" maxlength=\"400\" class=\"wpcf7-form-control wpcf7-email wpcf7-validates-as-required wpcf7-text wpcf7-validates-as-email form-control\" aria-required=\"true\" aria-invalid=\"false\" placeholder=\"Your Email\" value=\"\" type=\"email\" name=\"email\" \/><\/span>\n\t\t\t<\/p>\n\t\t<\/div>\n\t<\/div>\n<\/div>\n<div class=\"row\">\n\t<div class=\"col-xs-12 col-sm-12 col-md-12 col-lg-12\">\n\t\t<div class=\"form-group\">\n\t\t\t<h3>Your Message\n\t\t\t<\/h3>\n\t\t\t<p><span class=\"wpcf7-form-control-wrap\" data-name=\"message\"><textarea cols=\"40\" rows=\"9\" maxlength=\"2000\" class=\"wpcf7-form-control wpcf7-textarea wpcf7-validates-as-required form-control\" aria-required=\"true\" aria-invalid=\"false\" name=\"message\"><\/textarea><\/span>\n\t\t\t<\/p>\n\t\t<\/div>\n\t<\/div>\n<\/div>\n<div class=\"row\">\n\t<div class=\"col-xs-12 col-sm-12 col-md-12 col-lg-12\">\n\t\t<p><span class=\"wpcf7-form-control-wrap\" data-name=\"quiz-1\"><label><span class=\"wpcf7-quiz-label\">3 x 4 =<\/span> <input size=\"40\" class=\"wpcf7-form-control wpcf7-quiz\" autocomplete=\"off\" aria-required=\"true\" aria-invalid=\"false\" type=\"text\" name=\"quiz-1\" \/><\/label><input type=\"hidden\" name=\"_wpcf7_quiz_answer_quiz-1\" value=\"b80072829c988d6a0bff8794e14241bb\" \/><\/span>\n\t\t<\/p>\n\t<\/div>\n<\/div>\n<div class=\"row\">\n\t<div class=\"col-xs-12 col-sm-12 col-md-12 col-lg-12\">\n\t\t<p><input class=\"wpcf7-form-control wpcf7-submit has-spinner btn btn-default\" type=\"submit\" value=\"Submit\" \/>\n\t\t<\/p>\n\t<\/div>\n<\/div><input type=\"hidden\" id=\"ct_checkjs_cf7_2bcab9d935d219641434683dd9d18a03\" name=\"ct_checkjs_cf7\" value=\"0\" \/><script >setTimeout(function(){var ct_input_name = \"ct_checkjs_cf7_2bcab9d935d219641434683dd9d18a03\";if (document.getElementById(ct_input_name) !== null) {var ct_input_value = document.getElementById(ct_input_name).value;document.getElementById(ct_input_name).value = document.getElementById(ct_input_name).value.replace(ct_input_value, '4c4fe8894f1928f71e7dd0fe096c28ebbfc23764ec999e0e3e16a77b206c96b2');}}, 1000);<\/script><input\n                    class=\"apbct_special_field apbct_email_id__wp_contact_form_7\"\n                    name=\"apbct__email_id__wp_contact_form_7\"\n                    aria-label=\"apbct__label_id__wp_contact_form_7\"\n                    type=\"text\" size=\"30\" maxlength=\"200\" autocomplete=\"off\"\n                    value=\"\"\n                \/><div class=\"wpcf7-response-output\" aria-hidden=\"true\"><\/div>\n<input\n                    class=\"apbct_special_field apbct_email_id__elementor_form\"\n                    name=\"apbct__email_id__elementor_form\"\n                    aria-label=\"apbct__label_id__elementor_form\"\n                    type=\"text\" size=\"30\" maxlength=\"200\" autocomplete=\"off\"\n                    value=\"\"\n                \/><\/form>\n<\/div>\n<\/p>\n<\/div>\n\t\t\t\t\t\t\t<\/div>\n\t\t<\/div>\n\t\t\t\t\t\t<\/div>\n\t\t\t\t<\/div>\n\t\t\t\t<\/div>\n\t\t\t\t\t<\/div>\n\t\t\t\t<\/div>\n\t\t\t\t<\/div>\n\t\t","protected":false},"excerpt":{"rendered":"<p>\u00dcber uns \u2013 VISION Bei VISION erm\u00f6glichen wir, motivierten Menschen aus aller Welt den Weg nach Deutschland zu er\u00f6ffnen. Unser erfahrenes Team kennt jeden Schritt des Prozesses \u2013 von den Visabestimmungen bis hin zum Umzug \u2013 und bietet dir eine pers\u00f6nliche Betreuung, die auf deine Ziele abgestimmt ist.Zus\u00e4tzlich vermitteln wir dir in unseren Deutschkursen die [&hellip;]<\/p>\n","protected":false},"author":1,"featured_media":0,"parent":0,"menu_order":0,"comment_status":"closed","ping_status":"closed","template":"","meta":{"_bbp_topic_count":0,"_bbp_reply_count":0,"_bbp_total_topic_count":0,"_bbp_total_reply_count":0,"_bbp_voice_count":0,"_bbp_anonymous_reply_count":0,"_bbp_topic_count_hidden":0,"_bbp_reply_count_hidden":0,"_bbp_forum_subforum_count":0,"footnotes":""},"class_list":["post-6906","page","type-page","status-publish","hentry"],"yoast_head":"<!-- This site is optimized with the Yoast SEO Premium plugin v24.4 (Yoast SEO v24.4) - https:\/\/yoast.com\/wordpress\/plugins\/seo\/ -->\n<title>Masterstudy Education - LMS WordPress Theme f\u00fcr Bildung, eLearning.<\/title>\n<meta name=\"description\" content=\"Kaufen Sie Masterstudy Education - LMS WordPress Theme f\u00fcr Bildung, eLearning und Online-Kurse von StylemixThemes auf ThemeForest.\" \/>\n<meta name=\"robots\" content=\"index, follow, max-snippet:-1, max-image-preview:large, max-video-preview:-1\" \/>\n<link rel=\"canonical\" href=\"https:\/\/vision-dz.com\/de\/uber-uns\/\" \/>\n<meta property=\"og:locale\" content=\"de_DE\" \/>\n<meta property=\"og:type\" content=\"article\" \/>\n<meta property=\"og:title\" content=\"\u00dcber uns\" \/>\n<meta property=\"og:description\" content=\"Kaufen Sie Masterstudy Education - LMS WordPress Theme f\u00fcr Bildung, eLearning und Online-Kurse von StylemixThemes auf ThemeForest.\" \/>\n<meta property=\"og:url\" content=\"https:\/\/vision-dz.com\/de\/uber-uns\/\" \/>\n<meta property=\"og:site_name\" content=\"Vision DZ\" \/>\n<meta property=\"article:modified_time\" content=\"2025-10-16T12:48:17+00:00\" \/>\n<meta property=\"og:image\" content=\"https:\/\/vision-dz.com\/wp-content\/uploads\/2024\/06\/photo_2024-06-10-13.46.22-1024x682.jpeg\" \/>\n<meta name=\"twitter:card\" content=\"summary_large_image\" \/>\n<meta name=\"twitter:label1\" content=\"Gesch\u00e4tzte Lesezeit\" \/>\n\t<meta name=\"twitter:data1\" content=\"2\u00a0Minuten\" \/>\n<script type=\"application\/ld+json\" class=\"yoast-schema-graph\">{\"@context\":\"https:\/\/schema.org\",\"@graph\":[{\"@type\":\"WebPage\",\"@id\":\"https:\/\/vision-dz.com\/de\/uber-uns\/\",\"url\":\"https:\/\/vision-dz.com\/de\/uber-uns\/\",\"name\":\"Masterstudy Education - LMS WordPress Theme f\u00fcr Bildung, eLearning.\",\"isPartOf\":{\"@id\":\"https:\/\/vision-dz.com\/#website\"},\"primaryImageOfPage\":{\"@id\":\"https:\/\/vision-dz.com\/de\/uber-uns\/#primaryimage\"},\"image\":{\"@id\":\"https:\/\/vision-dz.com\/de\/uber-uns\/#primaryimage\"},\"thumbnailUrl\":\"https:\/\/vision-dz.com\/wp-content\/uploads\/2024\/06\/photo_2024-06-10-13.46.22-1024x682.jpeg\",\"datePublished\":\"2015-07-02T05:10:48+00:00\",\"dateModified\":\"2025-10-16T12:48:17+00:00\",\"description\":\"Kaufen Sie Masterstudy Education - LMS WordPress Theme f\u00fcr Bildung, eLearning und Online-Kurse von StylemixThemes auf ThemeForest.\",\"breadcrumb\":{\"@id\":\"https:\/\/vision-dz.com\/de\/uber-uns\/#breadcrumb\"},\"inLanguage\":\"de\",\"potentialAction\":[{\"@type\":\"ReadAction\",\"target\":[\"https:\/\/vision-dz.com\/de\/uber-uns\/\"]}]},{\"@type\":\"ImageObject\",\"inLanguage\":\"de\",\"@id\":\"https:\/\/vision-dz.com\/de\/uber-uns\/#primaryimage\",\"url\":\"https:\/\/vision-dz.com\/wp-content\/uploads\/2024\/06\/photo_2024-06-10-13.46.22-1024x682.jpeg\",\"contentUrl\":\"https:\/\/vision-dz.com\/wp-content\/uploads\/2024\/06\/photo_2024-06-10-13.46.22-1024x682.jpeg\"},{\"@type\":\"BreadcrumbList\",\"@id\":\"https:\/\/vision-dz.com\/de\/uber-uns\/#breadcrumb\",\"itemListElement\":[{\"@type\":\"ListItem\",\"position\":1,\"name\":\"Home\",\"item\":\"https:\/\/vision-dz.com\/de\/startseite-neu\/\"},{\"@type\":\"ListItem\",\"position\":2,\"name\":\"\u00dcber uns\"}]},{\"@type\":\"WebSite\",\"@id\":\"https:\/\/vision-dz.com\/#website\",\"url\":\"https:\/\/vision-dz.com\/\",\"name\":\"Vision DZ\",\"description\":\"Station of Motivation\",\"publisher\":{\"@id\":\"https:\/\/vision-dz.com\/#organization\"},\"potentialAction\":[{\"@type\":\"SearchAction\",\"target\":{\"@type\":\"EntryPoint\",\"urlTemplate\":\"https:\/\/vision-dz.com\/?s={search_term_string}\"},\"query-input\":{\"@type\":\"PropertyValueSpecification\",\"valueRequired\":true,\"valueName\":\"search_term_string\"}}],\"inLanguage\":\"de\"},{\"@type\":\"Organization\",\"@id\":\"https:\/\/vision-dz.com\/#organization\",\"name\":\"Vision DZ\",\"url\":\"https:\/\/vision-dz.com\/\",\"logo\":{\"@type\":\"ImageObject\",\"inLanguage\":\"de\",\"@id\":\"https:\/\/vision-dz.com\/#\/schema\/logo\/image\/\",\"url\":\"https:\/\/vision-dz.com\/wp-content\/uploads\/2025\/11\/favicon.png\",\"contentUrl\":\"https:\/\/vision-dz.com\/wp-content\/uploads\/2025\/11\/favicon.png\",\"width\":512,\"height\":512,\"caption\":\"Vision DZ\"},\"image\":{\"@id\":\"https:\/\/vision-dz.com\/#\/schema\/logo\/image\/\"}}]}<\/script>\n<!-- \/ Yoast SEO Premium plugin. -->","yoast_head_json":{"title":"Masterstudy Education - LMS WordPress Theme f\u00fcr Bildung, eLearning.","description":"Kaufen Sie Masterstudy Education - LMS WordPress Theme f\u00fcr Bildung, eLearning und Online-Kurse von StylemixThemes auf ThemeForest.","robots":{"index":"index","follow":"follow","max-snippet":"max-snippet:-1","max-image-preview":"max-image-preview:large","max-video-preview":"max-video-preview:-1"},"canonical":"https:\/\/vision-dz.com\/de\/uber-uns\/","og_locale":"de_DE","og_type":"article","og_title":"\u00dcber uns","og_description":"Kaufen Sie Masterstudy Education - LMS WordPress Theme f\u00fcr Bildung, eLearning und Online-Kurse von StylemixThemes auf ThemeForest.","og_url":"https:\/\/vision-dz.com\/de\/uber-uns\/","og_site_name":"Vision DZ","article_modified_time":"2025-10-16T12:48:17+00:00","og_image":[{"url":"https:\/\/vision-dz.com\/wp-content\/uploads\/2024\/06\/photo_2024-06-10-13.46.22-1024x682.jpeg","type":"","width":"","height":""}],"twitter_card":"summary_large_image","twitter_misc":{"Gesch\u00e4tzte Lesezeit":"2\u00a0Minuten"},"schema":{"@context":"https:\/\/schema.org","@graph":[{"@type":"WebPage","@id":"https:\/\/vision-dz.com\/de\/uber-uns\/","url":"https:\/\/vision-dz.com\/de\/uber-uns\/","name":"Masterstudy Education - LMS WordPress Theme f\u00fcr Bildung, eLearning.","isPartOf":{"@id":"https:\/\/vision-dz.com\/#website"},"primaryImageOfPage":{"@id":"https:\/\/vision-dz.com\/de\/uber-uns\/#primaryimage"},"image":{"@id":"https:\/\/vision-dz.com\/de\/uber-uns\/#primaryimage"},"thumbnailUrl":"https:\/\/vision-dz.com\/wp-content\/uploads\/2024\/06\/photo_2024-06-10-13.46.22-1024x682.jpeg","datePublished":"2015-07-02T05:10:48+00:00","dateModified":"2025-10-16T12:48:17+00:00","description":"Kaufen Sie Masterstudy Education - LMS WordPress Theme f\u00fcr Bildung, eLearning und Online-Kurse von StylemixThemes auf ThemeForest.","breadcrumb":{"@id":"https:\/\/vision-dz.com\/de\/uber-uns\/#breadcrumb"},"inLanguage":"de","potentialAction":[{"@type":"ReadAction","target":["https:\/\/vision-dz.com\/de\/uber-uns\/"]}]},{"@type":"ImageObject","inLanguage":"de","@id":"https:\/\/vision-dz.com\/de\/uber-uns\/#primaryimage","url":"https:\/\/vision-dz.com\/wp-content\/uploads\/2024\/06\/photo_2024-06-10-13.46.22-1024x682.jpeg","contentUrl":"https:\/\/vision-dz.com\/wp-content\/uploads\/2024\/06\/photo_2024-06-10-13.46.22-1024x682.jpeg"},{"@type":"BreadcrumbList","@id":"https:\/\/vision-dz.com\/de\/uber-uns\/#breadcrumb","itemListElement":[{"@type":"ListItem","position":1,"name":"Home","item":"https:\/\/vision-dz.com\/de\/startseite-neu\/"},{"@type":"ListItem","position":2,"name":"\u00dcber uns"}]},{"@type":"WebSite","@id":"https:\/\/vision-dz.com\/#website","url":"https:\/\/vision-dz.com\/","name":"Vision DZ","description":"Station of Motivation","publisher":{"@id":"https:\/\/vision-dz.com\/#organization"},"potentialAction":[{"@type":"SearchAction","target":{"@type":"EntryPoint","urlTemplate":"https:\/\/vision-dz.com\/?s={search_term_string}"},"query-input":{"@type":"PropertyValueSpecification","valueRequired":true,"valueName":"search_term_string"}}],"inLanguage":"de"},{"@type":"Organization","@id":"https:\/\/vision-dz.com\/#organization","name":"Vision DZ","url":"https:\/\/vision-dz.com\/","logo":{"@type":"ImageObject","inLanguage":"de","@id":"https:\/\/vision-dz.com\/#\/schema\/logo\/image\/","url":"https:\/\/vision-dz.com\/wp-content\/uploads\/2025\/11\/favicon.png","contentUrl":"https:\/\/vision-dz.com\/wp-content\/uploads\/2025\/11\/favicon.png","width":512,"height":512,"caption":"Vision DZ"},"image":{"@id":"https:\/\/vision-dz.com\/#\/schema\/logo\/image\/"}}]}},"_links":{"self":[{"href":"https:\/\/vision-dz.com\/de\/wp-json\/wp\/v2\/pages\/6906"}],"collection":[{"href":"https:\/\/vision-dz.com\/de\/wp-json\/wp\/v2\/pages"}],"about":[{"href":"https:\/\/vision-dz.com\/de\/wp-json\/wp\/v2\/types\/page"}],"author":[{"embeddable":true,"href":"https:\/\/vision-dz.com\/de\/wp-json\/wp\/v2\/users\/1"}],"replies":[{"embeddable":true,"href":"https:\/\/vision-dz.com\/de\/wp-json\/wp\/v2\/comments?post=6906"}],"version-history":[{"count":5,"href":"https:\/\/vision-dz.com\/de\/wp-json\/wp\/v2\/pages\/6906\/revisions"}],"predecessor-version":[{"id":21146,"href":"https:\/\/vision-dz.com\/de\/wp-json\/wp\/v2\/pages\/6906\/revisions\/21146"}],"wp:attachment":[{"href":"https:\/\/vision-dz.com\/de\/wp-json\/wp\/v2\/media?parent=6906"}],"curies":[{"name":"wp","href":"https:\/\/api.w.org\/{rel}","templated":true}]}}